{"id":1288,"date":"2024-11-15T00:10:03","date_gmt":"2024-11-15T00:10:03","guid":{"rendered":"https:\/\/congresocialacibu.com\/2025\/?page_id=1288"},"modified":"2025-07-08T11:58:18","modified_gmt":"2025-07-08T11:58:18","slug":"comite-ejecutivo-de-alacibu","status":"publish","type":"page","link":"https:\/\/congresocialacibu.com\/2025\/comite-ejecutivo-de-alacibu\/","title":{"rendered":"Comit\u00e9 Ejecutivo de ALACIBU"},"content":{"rendered":"\n<ul class=\"wp-block-list perfiles\">\n<li><img loading=\"lazy\" decoding=\"async\" width=\"150\" height=\"150\" class=\"wp-image-2088\" style=\"width: 150px;\" src=\"https:\/\/congresocialacibu.com\/2025\/wp-content\/uploads\/2025\/07\/Humberto-Fernandez.jpg\" alt=\"\" srcset=\"https:\/\/congresocialacibu.com\/2025\/wp-content\/uploads\/2025\/07\/Humberto-Fernandez.jpg 252w, https:\/\/congresocialacibu.com\/2025\/wp-content\/uploads\/2025\/07\/Humberto-Fernandez-150x150.jpg 150w\" sizes=\"auto, (max-width: 150px) 100vw, 150px\" \/><br><strong>Dr. Humberto Fern\u00e1ndez Olarte<\/strong><br>Presidente<\/li>\n\n\n\n<li><img loading=\"lazy\" decoding=\"async\" width=\"150\" height=\"150\" class=\"wp-image-2089\" style=\"width: 150px;\" src=\"https:\/\/congresocialacibu.com\/2025\/wp-content\/uploads\/2025\/07\/Daniel-Nastri.jpg\" alt=\"\" srcset=\"https:\/\/congresocialacibu.com\/2025\/wp-content\/uploads\/2025\/07\/Daniel-Nastri.jpg 478w, https:\/\/congresocialacibu.com\/2025\/wp-content\/uploads\/2025\/07\/Daniel-Nastri-300x300.jpg 300w, https:\/\/congresocialacibu.com\/2025\/wp-content\/uploads\/2025\/07\/Daniel-Nastri-150x150.jpg 150w\" sizes=\"auto, (max-width: 150px) 100vw, 150px\" \/><br><strong>Dr. Daniel Nastri<\/strong><br>Presidente electo<\/li>\n\n\n\n<li><img loading=\"lazy\" decoding=\"async\" width=\"150\" height=\"150\" class=\"wp-image-2090\" style=\"width: 150px;\" src=\"https:\/\/congresocialacibu.com\/2025\/wp-content\/uploads\/2025\/07\/Cesar-Villalpando.jpg\" alt=\"\" srcset=\"https:\/\/congresocialacibu.com\/2025\/wp-content\/uploads\/2025\/07\/Cesar-Villalpando.jpg 474w, https:\/\/congresocialacibu.com\/2025\/wp-content\/uploads\/2025\/07\/Cesar-Villalpando-300x300.jpg 300w, https:\/\/congresocialacibu.com\/2025\/wp-content\/uploads\/2025\/07\/Cesar-Villalpando-150x150.jpg 150w\" sizes=\"auto, (max-width: 150px) 100vw, 150px\" \/><br><strong>Dr. C\u00e9sar Villalpando<\/strong><br>Presidente pasado<\/li>\n\n\n\n<li><img loading=\"lazy\" decoding=\"async\" width=\"150\" height=\"150\" class=\"wp-image-2092\" style=\"width: 150px;\" src=\"https:\/\/congresocialacibu.com\/2025\/wp-content\/uploads\/2025\/07\/Jose-Luis-Castro.jpg\" alt=\"\" srcset=\"https:\/\/congresocialacibu.com\/2025\/wp-content\/uploads\/2025\/07\/Jose-Luis-Castro.jpg 797w, https:\/\/congresocialacibu.com\/2025\/wp-content\/uploads\/2025\/07\/Jose-Luis-Castro-300x300.jpg 300w, https:\/\/congresocialacibu.com\/2025\/wp-content\/uploads\/2025\/07\/Jose-Luis-Castro-150x150.jpg 150w, https:\/\/congresocialacibu.com\/2025\/wp-content\/uploads\/2025\/07\/Jose-Luis-Castro-768x766.jpg 768w\" sizes=\"auto, (max-width: 150px) 100vw, 150px\" \/><br><strong>Dr. Jos\u00e9 Luis Castro<\/strong><br>Secretario<\/li>\n\n\n\n<li><img loading=\"lazy\" decoding=\"async\" width=\"150\" height=\"150\" class=\"wp-image-2093\" style=\"width: 150px;\" src=\"https:\/\/congresocialacibu.com\/2025\/wp-content\/uploads\/2025\/07\/Juan-Jose-Trujillo.jpg\" alt=\"\" srcset=\"https:\/\/congresocialacibu.com\/2025\/wp-content\/uploads\/2025\/07\/Juan-Jose-Trujillo.jpg 655w, https:\/\/congresocialacibu.com\/2025\/wp-content\/uploads\/2025\/07\/Juan-Jose-Trujillo-300x300.jpg 300w, https:\/\/congresocialacibu.com\/2025\/wp-content\/uploads\/2025\/07\/Juan-Jose-Trujillo-150x150.jpg 150w\" sizes=\"auto, (max-width: 150px) 100vw, 150px\" \/><br><strong>Dr. Juan Jos\u00e9 Trujillo<\/strong><br>Tesorero<\/li>\n<\/ul>\n","protected":false},"excerpt":{"rendered":"","protected":false},"author":2,"featured_media":979,"parent":0,"menu_order":0,"comment_status":"closed","ping_status":"closed","template":"","meta":{"footnotes":""},"class_list":["post-1288","page","type-page","status-publish","has-post-thumbnail","hentry"],"blocksy_meta":[],"yoast_head":"<!-- This site is optimized with the Yoast SEO plugin v27.5 - https:\/\/yoast.com\/product\/yoast-seo-wordpress\/ -->\n<title>Comit\u00e9 Ejecutivo de ALACIBU - Congreso CIALACIBU 2025<\/title>\n<meta name=\"description\" content=\"CIALACIBU 2025. XXIV Congreso Internacional. Barcel\u00f3 B\u00e1varo Centro de Convenciones.\" \/>\n<meta name=\"robots\" content=\"noindex, follow, max-snippet:-1, max-image-preview:large, max-video-preview:-1\" \/>\n<meta property=\"og:locale\" content=\"es_ES\" \/>\n<meta property=\"og:type\" content=\"article\" \/>\n<meta property=\"og:title\" content=\"Comit\u00e9 Ejecutivo de ALACIBU - Congreso CIALACIBU 2025\" \/>\n<meta property=\"og:description\" content=\"CIALACIBU 2025. XXIV Congreso Internacional. Barcel\u00f3 B\u00e1varo Centro de Convenciones.\" \/>\n<meta property=\"og:url\" content=\"https:\/\/congresocialacibu.com\/2025\/comite-ejecutivo-de-alacibu\/\" \/>\n<meta property=\"og:site_name\" content=\"Congreso CIALACIBU 2025\" \/>\n<meta property=\"article:modified_time\" content=\"2025-07-08T11:58:18+00:00\" \/>\n<meta property=\"og:image\" content=\"https:\/\/congresocialacibu.com\/2025\/wp-content\/uploads\/2023\/11\/cialacibu-seo-2.jpg\" \/>\n\t<meta property=\"og:image:width\" content=\"1200\" \/>\n\t<meta property=\"og:image:height\" content=\"800\" \/>\n\t<meta property=\"og:image:type\" content=\"image\/jpeg\" \/>\n<meta name=\"twitter:card\" content=\"summary_large_image\" \/>\n<meta name=\"twitter:label1\" content=\"Tiempo de lectura\" \/>\n\t<meta name=\"twitter:data1\" content=\"2 minutos\" \/>\n<script type=\"application\/ld+json\" class=\"yoast-schema-graph\">{\"@context\":\"https:\\\/\\\/schema.org\",\"@graph\":[{\"@type\":\"WebPage\",\"@id\":\"https:\\\/\\\/congresocialacibu.com\\\/2025\\\/comite-ejecutivo-de-alacibu\\\/\",\"url\":\"https:\\\/\\\/congresocialacibu.com\\\/2025\\\/comite-ejecutivo-de-alacibu\\\/\",\"name\":\"Comit\u00e9 Ejecutivo de ALACIBU - Congreso CIALACIBU 2025\",\"isPartOf\":{\"@id\":\"https:\\\/\\\/congresocialacibu.com\\\/2025\\\/#website\"},\"primaryImageOfPage\":{\"@id\":\"https:\\\/\\\/congresocialacibu.com\\\/2025\\\/comite-ejecutivo-de-alacibu\\\/#primaryimage\"},\"image\":{\"@id\":\"https:\\\/\\\/congresocialacibu.com\\\/2025\\\/comite-ejecutivo-de-alacibu\\\/#primaryimage\"},\"thumbnailUrl\":\"https:\\\/\\\/congresocialacibu.com\\\/2025\\\/wp-content\\\/uploads\\\/2023\\\/11\\\/cialacibu-seo-2.jpg\",\"datePublished\":\"2024-11-15T00:10:03+00:00\",\"dateModified\":\"2025-07-08T11:58:18+00:00\",\"description\":\"CIALACIBU 2025. XXIV Congreso Internacional. Barcel\u00f3 B\u00e1varo Centro de Convenciones.\",\"breadcrumb\":{\"@id\":\"https:\\\/\\\/congresocialacibu.com\\\/2025\\\/comite-ejecutivo-de-alacibu\\\/#breadcrumb\"},\"inLanguage\":\"es\",\"potentialAction\":[{\"@type\":\"ReadAction\",\"target\":[\"https:\\\/\\\/congresocialacibu.com\\\/2025\\\/comite-ejecutivo-de-alacibu\\\/\"]}]},{\"@type\":\"ImageObject\",\"inLanguage\":\"es\",\"@id\":\"https:\\\/\\\/congresocialacibu.com\\\/2025\\\/comite-ejecutivo-de-alacibu\\\/#primaryimage\",\"url\":\"https:\\\/\\\/congresocialacibu.com\\\/2025\\\/wp-content\\\/uploads\\\/2023\\\/11\\\/cialacibu-seo-2.jpg\",\"contentUrl\":\"https:\\\/\\\/congresocialacibu.com\\\/2025\\\/wp-content\\\/uploads\\\/2023\\\/11\\\/cialacibu-seo-2.jpg\",\"width\":1200,\"height\":800},{\"@type\":\"BreadcrumbList\",\"@id\":\"https:\\\/\\\/congresocialacibu.com\\\/2025\\\/comite-ejecutivo-de-alacibu\\\/#breadcrumb\",\"itemListElement\":[{\"@type\":\"ListItem\",\"position\":1,\"name\":\"Portada\",\"item\":\"https:\\\/\\\/congresocialacibu.com\\\/2025\\\/\"},{\"@type\":\"ListItem\",\"position\":2,\"name\":\"Comit\u00e9 Ejecutivo de ALACIBU\"}]},{\"@type\":\"WebSite\",\"@id\":\"https:\\\/\\\/congresocialacibu.com\\\/2025\\\/#website\",\"url\":\"https:\\\/\\\/congresocialacibu.com\\\/2025\\\/\",\"name\":\"Congreso CIALACIBU 2025\",\"description\":\"\",\"publisher\":{\"@id\":\"https:\\\/\\\/congresocialacibu.com\\\/2025\\\/#organization\"},\"potentialAction\":[{\"@type\":\"SearchAction\",\"target\":{\"@type\":\"EntryPoint\",\"urlTemplate\":\"https:\\\/\\\/congresocialacibu.com\\\/2025\\\/?s={search_term_string}\"},\"query-input\":{\"@type\":\"PropertyValueSpecification\",\"valueRequired\":true,\"valueName\":\"search_term_string\"}}],\"inLanguage\":\"es\"},{\"@type\":\"Organization\",\"@id\":\"https:\\\/\\\/congresocialacibu.com\\\/2025\\\/#organization\",\"name\":\"Congreso CIALACIBU 2025\",\"url\":\"https:\\\/\\\/congresocialacibu.com\\\/2025\\\/\",\"logo\":{\"@type\":\"ImageObject\",\"inLanguage\":\"es\",\"@id\":\"https:\\\/\\\/congresocialacibu.com\\\/2025\\\/#\\\/schema\\\/logo\\\/image\\\/\",\"url\":\"https:\\\/\\\/congresocialacibu.com\\\/2025\\\/wp-content\\\/uploads\\\/2023\\\/11\\\/logo-1.svg\",\"contentUrl\":\"https:\\\/\\\/congresocialacibu.com\\\/2025\\\/wp-content\\\/uploads\\\/2023\\\/11\\\/logo-1.svg\",\"width\":249,\"height\":25,\"caption\":\"Congreso CIALACIBU 2025\"},\"image\":{\"@id\":\"https:\\\/\\\/congresocialacibu.com\\\/2025\\\/#\\\/schema\\\/logo\\\/image\\\/\"}}]}<\/script>\n<!-- \/ Yoast SEO plugin. -->","yoast_head_json":{"title":"Comit\u00e9 Ejecutivo de ALACIBU - Congreso CIALACIBU 2025","description":"CIALACIBU 2025. XXIV Congreso Internacional. Barcel\u00f3 B\u00e1varo Centro de Convenciones.","robots":{"index":"noindex","follow":"follow","max-snippet":"max-snippet:-1","max-image-preview":"max-image-preview:large","max-video-preview":"max-video-preview:-1"},"og_locale":"es_ES","og_type":"article","og_title":"Comit\u00e9 Ejecutivo de ALACIBU - Congreso CIALACIBU 2025","og_description":"CIALACIBU 2025. XXIV Congreso Internacional. Barcel\u00f3 B\u00e1varo Centro de Convenciones.","og_url":"https:\/\/congresocialacibu.com\/2025\/comite-ejecutivo-de-alacibu\/","og_site_name":"Congreso CIALACIBU 2025","article_modified_time":"2025-07-08T11:58:18+00:00","og_image":[{"width":1200,"height":800,"url":"https:\/\/congresocialacibu.com\/2025\/wp-content\/uploads\/2023\/11\/cialacibu-seo-2.jpg","type":"image\/jpeg"}],"twitter_card":"summary_large_image","twitter_misc":{"Tiempo de lectura":"2 minutos"},"schema":{"@context":"https:\/\/schema.org","@graph":[{"@type":"WebPage","@id":"https:\/\/congresocialacibu.com\/2025\/comite-ejecutivo-de-alacibu\/","url":"https:\/\/congresocialacibu.com\/2025\/comite-ejecutivo-de-alacibu\/","name":"Comit\u00e9 Ejecutivo de ALACIBU - Congreso CIALACIBU 2025","isPartOf":{"@id":"https:\/\/congresocialacibu.com\/2025\/#website"},"primaryImageOfPage":{"@id":"https:\/\/congresocialacibu.com\/2025\/comite-ejecutivo-de-alacibu\/#primaryimage"},"image":{"@id":"https:\/\/congresocialacibu.com\/2025\/comite-ejecutivo-de-alacibu\/#primaryimage"},"thumbnailUrl":"https:\/\/congresocialacibu.com\/2025\/wp-content\/uploads\/2023\/11\/cialacibu-seo-2.jpg","datePublished":"2024-11-15T00:10:03+00:00","dateModified":"2025-07-08T11:58:18+00:00","description":"CIALACIBU 2025. XXIV Congreso Internacional. Barcel\u00f3 B\u00e1varo Centro de Convenciones.","breadcrumb":{"@id":"https:\/\/congresocialacibu.com\/2025\/comite-ejecutivo-de-alacibu\/#breadcrumb"},"inLanguage":"es","potentialAction":[{"@type":"ReadAction","target":["https:\/\/congresocialacibu.com\/2025\/comite-ejecutivo-de-alacibu\/"]}]},{"@type":"ImageObject","inLanguage":"es","@id":"https:\/\/congresocialacibu.com\/2025\/comite-ejecutivo-de-alacibu\/#primaryimage","url":"https:\/\/congresocialacibu.com\/2025\/wp-content\/uploads\/2023\/11\/cialacibu-seo-2.jpg","contentUrl":"https:\/\/congresocialacibu.com\/2025\/wp-content\/uploads\/2023\/11\/cialacibu-seo-2.jpg","width":1200,"height":800},{"@type":"BreadcrumbList","@id":"https:\/\/congresocialacibu.com\/2025\/comite-ejecutivo-de-alacibu\/#breadcrumb","itemListElement":[{"@type":"ListItem","position":1,"name":"Portada","item":"https:\/\/congresocialacibu.com\/2025\/"},{"@type":"ListItem","position":2,"name":"Comit\u00e9 Ejecutivo de ALACIBU"}]},{"@type":"WebSite","@id":"https:\/\/congresocialacibu.com\/2025\/#website","url":"https:\/\/congresocialacibu.com\/2025\/","name":"Congreso CIALACIBU 2025","description":"","publisher":{"@id":"https:\/\/congresocialacibu.com\/2025\/#organization"},"potentialAction":[{"@type":"SearchAction","target":{"@type":"EntryPoint","urlTemplate":"https:\/\/congresocialacibu.com\/2025\/?s={search_term_string}"},"query-input":{"@type":"PropertyValueSpecification","valueRequired":true,"valueName":"search_term_string"}}],"inLanguage":"es"},{"@type":"Organization","@id":"https:\/\/congresocialacibu.com\/2025\/#organization","name":"Congreso CIALACIBU 2025","url":"https:\/\/congresocialacibu.com\/2025\/","logo":{"@type":"ImageObject","inLanguage":"es","@id":"https:\/\/congresocialacibu.com\/2025\/#\/schema\/logo\/image\/","url":"https:\/\/congresocialacibu.com\/2025\/wp-content\/uploads\/2023\/11\/logo-1.svg","contentUrl":"https:\/\/congresocialacibu.com\/2025\/wp-content\/uploads\/2023\/11\/logo-1.svg","width":249,"height":25,"caption":"Congreso CIALACIBU 2025"},"image":{"@id":"https:\/\/congresocialacibu.com\/2025\/#\/schema\/logo\/image\/"}}]}},"_links":{"self":[{"href":"https:\/\/congresocialacibu.com\/2025\/wp-json\/wp\/v2\/pages\/1288","targetHints":{"allow":["GET"]}}],"collection":[{"href":"https:\/\/congresocialacibu.com\/2025\/wp-json\/wp\/v2\/pages"}],"about":[{"href":"https:\/\/congresocialacibu.com\/2025\/wp-json\/wp\/v2\/types\/page"}],"author":[{"embeddable":true,"href":"https:\/\/congresocialacibu.com\/2025\/wp-json\/wp\/v2\/users\/2"}],"replies":[{"embeddable":true,"href":"https:\/\/congresocialacibu.com\/2025\/wp-json\/wp\/v2\/comments?post=1288"}],"version-history":[{"count":6,"href":"https:\/\/congresocialacibu.com\/2025\/wp-json\/wp\/v2\/pages\/1288\/revisions"}],"predecessor-version":[{"id":2110,"href":"https:\/\/congresocialacibu.com\/2025\/wp-json\/wp\/v2\/pages\/1288\/revisions\/2110"}],"wp:featuredmedia":[{"embeddable":true,"href":"https:\/\/congresocialacibu.com\/2025\/wp-json\/wp\/v2\/media\/979"}],"wp:attachment":[{"href":"https:\/\/congresocialacibu.com\/2025\/wp-json\/wp\/v2\/media?parent=1288"}],"curies":[{"name":"wp","href":"https:\/\/api.w.org\/{rel}","templated":true}]}}