{"id":1296,"date":"2024-11-15T00:15:02","date_gmt":"2024-11-15T00:15:02","guid":{"rendered":"https:\/\/congresocialacibu.com\/2025\/?page_id=1296"},"modified":"2025-07-11T22:46:55","modified_gmt":"2025-07-11T22:46:55","slug":"comite-organizador","status":"publish","type":"page","link":"https:\/\/congresocialacibu.com\/2025\/comite-organizador\/","title":{"rendered":"Comit\u00e9 Organizador"},"content":{"rendered":"\n<ul class=\"wp-block-list perfiles\">\n<li><img loading=\"lazy\" decoding=\"async\" width=\"150\" height=\"150\" class=\"wp-image-2121\" style=\"width: 150px;\" src=\"https:\/\/congresocialacibu.com\/2025\/wp-content\/uploads\/2025\/07\/Yohanna-de-la-Cruz_Cara.png\" alt=\"\" srcset=\"https:\/\/congresocialacibu.com\/2025\/wp-content\/uploads\/2025\/07\/Yohanna-de-la-Cruz_Cara.png 500w, https:\/\/congresocialacibu.com\/2025\/wp-content\/uploads\/2025\/07\/Yohanna-de-la-Cruz_Cara-300x300.png 300w, https:\/\/congresocialacibu.com\/2025\/wp-content\/uploads\/2025\/07\/Yohanna-de-la-Cruz_Cara-150x150.png 150w\" sizes=\"auto, (max-width: 150px) 100vw, 150px\" \/><br><strong>Dra. Yohanna de la Cruz<\/strong><br>Presidenta del Congreso<\/li>\n\n\n\n<li><img loading=\"lazy\" decoding=\"async\" width=\"150\" height=\"150\" class=\"wp-image-2117\" style=\"width: 150px;\" src=\"https:\/\/congresocialacibu.com\/2025\/wp-content\/uploads\/2025\/07\/Oscar_de_Leon.png\" alt=\"\" srcset=\"https:\/\/congresocialacibu.com\/2025\/wp-content\/uploads\/2025\/07\/Oscar_de_Leon.png 500w, https:\/\/congresocialacibu.com\/2025\/wp-content\/uploads\/2025\/07\/Oscar_de_Leon-300x300.png 300w, https:\/\/congresocialacibu.com\/2025\/wp-content\/uploads\/2025\/07\/Oscar_de_Leon-150x150.png 150w\" sizes=\"auto, (max-width: 150px) 100vw, 150px\" \/><br><strong><strong>Dr. Oscar de Le\u00f3n<\/strong><\/strong><br>Presidente del Comit\u00e9 Cient\u00edfico<\/li>\n\n\n\n<li><img loading=\"lazy\" decoding=\"async\" width=\"150\" height=\"150\" class=\"wp-image-2088\" style=\"width: 150px;\" src=\"https:\/\/congresocialacibu.com\/2025\/wp-content\/uploads\/2025\/07\/Humberto-Fernandez.jpg\" alt=\"\" srcset=\"https:\/\/congresocialacibu.com\/2025\/wp-content\/uploads\/2025\/07\/Humberto-Fernandez.jpg 252w, https:\/\/congresocialacibu.com\/2025\/wp-content\/uploads\/2025\/07\/Humberto-Fernandez-150x150.jpg 150w\" sizes=\"auto, (max-width: 150px) 100vw, 150px\" \/><br><strong>Dr. Humberto Fern\u00e1ndez<\/strong><br>Presidente ALACIBU<\/li>\n\n\n\n<li><img loading=\"lazy\" decoding=\"async\" width=\"150\" height=\"150\" class=\"wp-image-2124\" style=\"width: 150px;\" src=\"https:\/\/congresocialacibu.com\/2025\/wp-content\/uploads\/2025\/07\/William_Ariel_Alvarez.png\" alt=\"\" srcset=\"https:\/\/congresocialacibu.com\/2025\/wp-content\/uploads\/2025\/07\/William_Ariel_Alvarez.png 500w, https:\/\/congresocialacibu.com\/2025\/wp-content\/uploads\/2025\/07\/William_Ariel_Alvarez-300x300.png 300w, https:\/\/congresocialacibu.com\/2025\/wp-content\/uploads\/2025\/07\/William_Ariel_Alvarez-150x150.png 150w\" sizes=\"auto, (max-width: 150px) 100vw, 150px\" \/><br><strong>Dr. William Ariel \u00c1lvarez<\/strong><br>Presidente SODOCIBUMAX<\/li>\n\n\n\n<li><img loading=\"lazy\" decoding=\"async\" width=\"150\" height=\"150\" class=\"wp-image-2092\" style=\"width: 150px;\" src=\"https:\/\/congresocialacibu.com\/2025\/wp-content\/uploads\/2025\/07\/Jose-Luis-Castro.jpg\" alt=\"\" srcset=\"https:\/\/congresocialacibu.com\/2025\/wp-content\/uploads\/2025\/07\/Jose-Luis-Castro.jpg 797w, https:\/\/congresocialacibu.com\/2025\/wp-content\/uploads\/2025\/07\/Jose-Luis-Castro-300x300.jpg 300w, https:\/\/congresocialacibu.com\/2025\/wp-content\/uploads\/2025\/07\/Jose-Luis-Castro-150x150.jpg 150w, https:\/\/congresocialacibu.com\/2025\/wp-content\/uploads\/2025\/07\/Jose-Luis-Castro-768x766.jpg 768w\" sizes=\"auto, (max-width: 150px) 100vw, 150px\" \/><br><strong>Dr. Jos\u00e9 Luis Castro<\/strong><\/li>\n\n\n\n<li><img loading=\"lazy\" decoding=\"async\" width=\"150\" height=\"150\" class=\"wp-image-2119\" style=\"width: 150px;\" src=\"https:\/\/congresocialacibu.com\/2025\/wp-content\/uploads\/2025\/07\/Raul_Parra.png\" alt=\"\" srcset=\"https:\/\/congresocialacibu.com\/2025\/wp-content\/uploads\/2025\/07\/Raul_Parra.png 500w, https:\/\/congresocialacibu.com\/2025\/wp-content\/uploads\/2025\/07\/Raul_Parra-300x300.png 300w, https:\/\/congresocialacibu.com\/2025\/wp-content\/uploads\/2025\/07\/Raul_Parra-150x150.png 150w\" sizes=\"auto, (max-width: 150px) 100vw, 150px\" \/><br><strong>Dr. Ra\u00fal Parra<\/strong><\/li>\n\n\n\n<li><img loading=\"lazy\" decoding=\"async\" width=\"150\" height=\"150\" class=\"wp-image-2137\" style=\"width: 150px;\" src=\"https:\/\/congresocialacibu.com\/2025\/wp-content\/uploads\/2025\/07\/Joel-Mejia.jpg\" alt=\"\"><br><strong>Dr. Joel Mej\u00eda<\/strong><\/li>\n\n\n\n<li><img loading=\"lazy\" decoding=\"async\" width=\"150\" height=\"150\" class=\"wp-image-2136\" style=\"width: 150px;\" src=\"https:\/\/congresocialacibu.com\/2025\/wp-content\/uploads\/2025\/07\/Franklin-Gomez.jpg\" alt=\"\"><br><strong>Dr. Franklin G\u00f3mez<\/strong><\/li>\n<\/ul>\n\n\n\n<p><\/p>\n","protected":false},"excerpt":{"rendered":"","protected":false},"author":2,"featured_media":979,"parent":0,"menu_order":0,"comment_status":"closed","ping_status":"closed","template":"","meta":{"footnotes":""},"class_list":["post-1296","page","type-page","status-publish","has-post-thumbnail","hentry"],"blocksy_meta":[],"yoast_head":"<!-- This site is optimized with the Yoast SEO plugin v27.5 - https:\/\/yoast.com\/product\/yoast-seo-wordpress\/ -->\n<title>Comit\u00e9 Organizador - Congreso CIALACIBU 2025<\/title>\n<meta name=\"description\" content=\"CIALACIBU 2025. XXIV Congreso Internacional. Barcel\u00f3 B\u00e1varo Centro de Convenciones.\" \/>\n<meta name=\"robots\" content=\"noindex, follow, max-snippet:-1, max-image-preview:large, max-video-preview:-1\" \/>\n<meta property=\"og:locale\" content=\"es_ES\" \/>\n<meta property=\"og:type\" content=\"article\" \/>\n<meta property=\"og:title\" content=\"Comit\u00e9 Organizador - Congreso CIALACIBU 2025\" \/>\n<meta property=\"og:description\" content=\"CIALACIBU 2025. XXIV Congreso Internacional. Barcel\u00f3 B\u00e1varo Centro de Convenciones.\" \/>\n<meta property=\"og:url\" content=\"https:\/\/congresocialacibu.com\/2025\/comite-organizador\/\" \/>\n<meta property=\"og:site_name\" content=\"Congreso CIALACIBU 2025\" \/>\n<meta property=\"article:modified_time\" content=\"2025-07-11T22:46:55+00:00\" \/>\n<meta property=\"og:image\" content=\"https:\/\/congresocialacibu.com\/2025\/wp-content\/uploads\/2023\/11\/cialacibu-seo-2.jpg\" \/>\n\t<meta property=\"og:image:width\" content=\"1200\" \/>\n\t<meta property=\"og:image:height\" content=\"800\" \/>\n\t<meta property=\"og:image:type\" content=\"image\/jpeg\" \/>\n<meta name=\"twitter:card\" content=\"summary_large_image\" \/>\n<meta name=\"twitter:label1\" content=\"Tiempo de lectura\" \/>\n\t<meta name=\"twitter:data1\" content=\"2 minutos\" \/>\n<script type=\"application\/ld+json\" class=\"yoast-schema-graph\">{\"@context\":\"https:\\\/\\\/schema.org\",\"@graph\":[{\"@type\":\"WebPage\",\"@id\":\"https:\\\/\\\/congresocialacibu.com\\\/2025\\\/comite-organizador\\\/\",\"url\":\"https:\\\/\\\/congresocialacibu.com\\\/2025\\\/comite-organizador\\\/\",\"name\":\"Comit\u00e9 Organizador - Congreso CIALACIBU 2025\",\"isPartOf\":{\"@id\":\"https:\\\/\\\/congresocialacibu.com\\\/2025\\\/#website\"},\"primaryImageOfPage\":{\"@id\":\"https:\\\/\\\/congresocialacibu.com\\\/2025\\\/comite-organizador\\\/#primaryimage\"},\"image\":{\"@id\":\"https:\\\/\\\/congresocialacibu.com\\\/2025\\\/comite-organizador\\\/#primaryimage\"},\"thumbnailUrl\":\"https:\\\/\\\/congresocialacibu.com\\\/2025\\\/wp-content\\\/uploads\\\/2023\\\/11\\\/cialacibu-seo-2.jpg\",\"datePublished\":\"2024-11-15T00:15:02+00:00\",\"dateModified\":\"2025-07-11T22:46:55+00:00\",\"description\":\"CIALACIBU 2025. XXIV Congreso Internacional. Barcel\u00f3 B\u00e1varo Centro de Convenciones.\",\"breadcrumb\":{\"@id\":\"https:\\\/\\\/congresocialacibu.com\\\/2025\\\/comite-organizador\\\/#breadcrumb\"},\"inLanguage\":\"es\",\"potentialAction\":[{\"@type\":\"ReadAction\",\"target\":[\"https:\\\/\\\/congresocialacibu.com\\\/2025\\\/comite-organizador\\\/\"]}]},{\"@type\":\"ImageObject\",\"inLanguage\":\"es\",\"@id\":\"https:\\\/\\\/congresocialacibu.com\\\/2025\\\/comite-organizador\\\/#primaryimage\",\"url\":\"https:\\\/\\\/congresocialacibu.com\\\/2025\\\/wp-content\\\/uploads\\\/2023\\\/11\\\/cialacibu-seo-2.jpg\",\"contentUrl\":\"https:\\\/\\\/congresocialacibu.com\\\/2025\\\/wp-content\\\/uploads\\\/2023\\\/11\\\/cialacibu-seo-2.jpg\",\"width\":1200,\"height\":800},{\"@type\":\"BreadcrumbList\",\"@id\":\"https:\\\/\\\/congresocialacibu.com\\\/2025\\\/comite-organizador\\\/#breadcrumb\",\"itemListElement\":[{\"@type\":\"ListItem\",\"position\":1,\"name\":\"Portada\",\"item\":\"https:\\\/\\\/congresocialacibu.com\\\/2025\\\/\"},{\"@type\":\"ListItem\",\"position\":2,\"name\":\"Comit\u00e9 Organizador\"}]},{\"@type\":\"WebSite\",\"@id\":\"https:\\\/\\\/congresocialacibu.com\\\/2025\\\/#website\",\"url\":\"https:\\\/\\\/congresocialacibu.com\\\/2025\\\/\",\"name\":\"Congreso CIALACIBU 2025\",\"description\":\"\",\"publisher\":{\"@id\":\"https:\\\/\\\/congresocialacibu.com\\\/2025\\\/#organization\"},\"potentialAction\":[{\"@type\":\"SearchAction\",\"target\":{\"@type\":\"EntryPoint\",\"urlTemplate\":\"https:\\\/\\\/congresocialacibu.com\\\/2025\\\/?s={search_term_string}\"},\"query-input\":{\"@type\":\"PropertyValueSpecification\",\"valueRequired\":true,\"valueName\":\"search_term_string\"}}],\"inLanguage\":\"es\"},{\"@type\":\"Organization\",\"@id\":\"https:\\\/\\\/congresocialacibu.com\\\/2025\\\/#organization\",\"name\":\"Congreso CIALACIBU 2025\",\"url\":\"https:\\\/\\\/congresocialacibu.com\\\/2025\\\/\",\"logo\":{\"@type\":\"ImageObject\",\"inLanguage\":\"es\",\"@id\":\"https:\\\/\\\/congresocialacibu.com\\\/2025\\\/#\\\/schema\\\/logo\\\/image\\\/\",\"url\":\"https:\\\/\\\/congresocialacibu.com\\\/2025\\\/wp-content\\\/uploads\\\/2023\\\/11\\\/logo-1.svg\",\"contentUrl\":\"https:\\\/\\\/congresocialacibu.com\\\/2025\\\/wp-content\\\/uploads\\\/2023\\\/11\\\/logo-1.svg\",\"width\":249,\"height\":25,\"caption\":\"Congreso CIALACIBU 2025\"},\"image\":{\"@id\":\"https:\\\/\\\/congresocialacibu.com\\\/2025\\\/#\\\/schema\\\/logo\\\/image\\\/\"}}]}<\/script>\n<!-- \/ Yoast SEO plugin. -->","yoast_head_json":{"title":"Comit\u00e9 Organizador - Congreso CIALACIBU 2025","description":"CIALACIBU 2025. XXIV Congreso Internacional. Barcel\u00f3 B\u00e1varo Centro de Convenciones.","robots":{"index":"noindex","follow":"follow","max-snippet":"max-snippet:-1","max-image-preview":"max-image-preview:large","max-video-preview":"max-video-preview:-1"},"og_locale":"es_ES","og_type":"article","og_title":"Comit\u00e9 Organizador - Congreso CIALACIBU 2025","og_description":"CIALACIBU 2025. XXIV Congreso Internacional. Barcel\u00f3 B\u00e1varo Centro de Convenciones.","og_url":"https:\/\/congresocialacibu.com\/2025\/comite-organizador\/","og_site_name":"Congreso CIALACIBU 2025","article_modified_time":"2025-07-11T22:46:55+00:00","og_image":[{"width":1200,"height":800,"url":"https:\/\/congresocialacibu.com\/2025\/wp-content\/uploads\/2023\/11\/cialacibu-seo-2.jpg","type":"image\/jpeg"}],"twitter_card":"summary_large_image","twitter_misc":{"Tiempo de lectura":"2 minutos"},"schema":{"@context":"https:\/\/schema.org","@graph":[{"@type":"WebPage","@id":"https:\/\/congresocialacibu.com\/2025\/comite-organizador\/","url":"https:\/\/congresocialacibu.com\/2025\/comite-organizador\/","name":"Comit\u00e9 Organizador - Congreso CIALACIBU 2025","isPartOf":{"@id":"https:\/\/congresocialacibu.com\/2025\/#website"},"primaryImageOfPage":{"@id":"https:\/\/congresocialacibu.com\/2025\/comite-organizador\/#primaryimage"},"image":{"@id":"https:\/\/congresocialacibu.com\/2025\/comite-organizador\/#primaryimage"},"thumbnailUrl":"https:\/\/congresocialacibu.com\/2025\/wp-content\/uploads\/2023\/11\/cialacibu-seo-2.jpg","datePublished":"2024-11-15T00:15:02+00:00","dateModified":"2025-07-11T22:46:55+00:00","description":"CIALACIBU 2025. XXIV Congreso Internacional. Barcel\u00f3 B\u00e1varo Centro de Convenciones.","breadcrumb":{"@id":"https:\/\/congresocialacibu.com\/2025\/comite-organizador\/#breadcrumb"},"inLanguage":"es","potentialAction":[{"@type":"ReadAction","target":["https:\/\/congresocialacibu.com\/2025\/comite-organizador\/"]}]},{"@type":"ImageObject","inLanguage":"es","@id":"https:\/\/congresocialacibu.com\/2025\/comite-organizador\/#primaryimage","url":"https:\/\/congresocialacibu.com\/2025\/wp-content\/uploads\/2023\/11\/cialacibu-seo-2.jpg","contentUrl":"https:\/\/congresocialacibu.com\/2025\/wp-content\/uploads\/2023\/11\/cialacibu-seo-2.jpg","width":1200,"height":800},{"@type":"BreadcrumbList","@id":"https:\/\/congresocialacibu.com\/2025\/comite-organizador\/#breadcrumb","itemListElement":[{"@type":"ListItem","position":1,"name":"Portada","item":"https:\/\/congresocialacibu.com\/2025\/"},{"@type":"ListItem","position":2,"name":"Comit\u00e9 Organizador"}]},{"@type":"WebSite","@id":"https:\/\/congresocialacibu.com\/2025\/#website","url":"https:\/\/congresocialacibu.com\/2025\/","name":"Congreso CIALACIBU 2025","description":"","publisher":{"@id":"https:\/\/congresocialacibu.com\/2025\/#organization"},"potentialAction":[{"@type":"SearchAction","target":{"@type":"EntryPoint","urlTemplate":"https:\/\/congresocialacibu.com\/2025\/?s={search_term_string}"},"query-input":{"@type":"PropertyValueSpecification","valueRequired":true,"valueName":"search_term_string"}}],"inLanguage":"es"},{"@type":"Organization","@id":"https:\/\/congresocialacibu.com\/2025\/#organization","name":"Congreso CIALACIBU 2025","url":"https:\/\/congresocialacibu.com\/2025\/","logo":{"@type":"ImageObject","inLanguage":"es","@id":"https:\/\/congresocialacibu.com\/2025\/#\/schema\/logo\/image\/","url":"https:\/\/congresocialacibu.com\/2025\/wp-content\/uploads\/2023\/11\/logo-1.svg","contentUrl":"https:\/\/congresocialacibu.com\/2025\/wp-content\/uploads\/2023\/11\/logo-1.svg","width":249,"height":25,"caption":"Congreso CIALACIBU 2025"},"image":{"@id":"https:\/\/congresocialacibu.com\/2025\/#\/schema\/logo\/image\/"}}]}},"_links":{"self":[{"href":"https:\/\/congresocialacibu.com\/2025\/wp-json\/wp\/v2\/pages\/1296","targetHints":{"allow":["GET"]}}],"collection":[{"href":"https:\/\/congresocialacibu.com\/2025\/wp-json\/wp\/v2\/pages"}],"about":[{"href":"https:\/\/congresocialacibu.com\/2025\/wp-json\/wp\/v2\/types\/page"}],"author":[{"embeddable":true,"href":"https:\/\/congresocialacibu.com\/2025\/wp-json\/wp\/v2\/users\/2"}],"replies":[{"embeddable":true,"href":"https:\/\/congresocialacibu.com\/2025\/wp-json\/wp\/v2\/comments?post=1296"}],"version-history":[{"count":12,"href":"https:\/\/congresocialacibu.com\/2025\/wp-json\/wp\/v2\/pages\/1296\/revisions"}],"predecessor-version":[{"id":2145,"href":"https:\/\/congresocialacibu.com\/2025\/wp-json\/wp\/v2\/pages\/1296\/revisions\/2145"}],"wp:featuredmedia":[{"embeddable":true,"href":"https:\/\/congresocialacibu.com\/2025\/wp-json\/wp\/v2\/media\/979"}],"wp:attachment":[{"href":"https:\/\/congresocialacibu.com\/2025\/wp-json\/wp\/v2\/media?parent=1296"}],"curies":[{"name":"wp","href":"https:\/\/api.w.org\/{rel}","templated":true}]}}