{"id":1636,"date":"2025-03-02T19:32:08","date_gmt":"2025-03-02T19:32:08","guid":{"rendered":"https:\/\/congresocialacibu.com\/2025\/?page_id=1636"},"modified":"2025-03-02T19:37:05","modified_gmt":"2025-03-02T19:37:05","slug":"carta-del-presidente-de-alacibu","status":"publish","type":"page","link":"https:\/\/congresocialacibu.com\/2025\/carta-del-presidente-de-alacibu\/","title":{"rendered":"Carta del Presidente de ALACIBU"},"content":{"rendered":"\n<div class=\"wp-block-stackable-columns stk-block-columns stk-block stk-cf6970e\" data-block-id=\"cf6970e\"><style>.stk-cf6970e-column{--stk-columns-spacing:0px !important;}<\/style><div class=\"stk-row stk-inner-blocks stk-block-content stk-content-align stk-cf6970e-column\">\n<div class=\"wp-block-stackable-column stk-block-column stk-column stk-block stk-36e274d columna-izquierda\" data-v=\"4\" data-block-id=\"36e274d\"><style>@media screen and (min-width:690px){.stk-36e274d {flex:var(--stk-flex-grow, 1) 1 calc(50% - var(--stk-column-gap, 0px) * 1 \/ 2 ) !important;}}<\/style><div class=\"stk-column-wrapper stk-block-column__content stk-container stk-36e274d-container stk--no-background stk--no-padding\"><div class=\"stk-block-content stk-inner-blocks stk-36e274d-inner-blocks\">\n<div class=\"wp-block-stackable-text stk-block-text stk-block stk-0e830f1 texto-destacado-1\" data-block-id=\"0e830f1\"><p class=\"stk-block-text__text\">Acomp\u00e1\u00f1anos a nuestro pr\u00f3ximo XXIV Congreso CIALACIBU 2025 Punta Cana, Rep\u00fablica Dominicana.<\/p><\/div>\n<\/div><\/div><\/div>\n\n\n\n<div class=\"wp-block-stackable-column stk-block-column stk-column stk-block stk-03f2c68\" data-v=\"4\" data-block-id=\"03f2c68\"><style>@media screen and (min-width:690px){.stk-03f2c68 {flex:var(--stk-flex-grow, 1) 1 calc(50% - var(--stk-column-gap, 0px) * 1 \/ 2 ) !important;}}<\/style><div class=\"stk-column-wrapper stk-block-column__content stk-container stk-03f2c68-container stk--no-background stk--no-padding\"><div class=\"stk-block-content stk-inner-blocks stk-03f2c68-inner-blocks\">\n<p>Ser\u00e1 un gusto para nosotros recibir a destacados expertos y profesionales de Latinoam\u00e9rica y el mundo, en el \u00e1rea de Cirug\u00eda Bucomaxilofacial y afines. En este gran evento organizado por la Asociaci\u00f3n Latinoamericana de Cirug\u00eda Bucomaxilofacia (ALACIBU) en compa\u00f1\u00eda de la Sociedad Dominicana de Cirug\u00eda Bucal y maxilofacial (SODOCIBUMAX) donde tendremos la oportunidad de compartir conocimientos y experiencias de nuestra especialidad, en un entorno relajado e inspirador (Barcel\u00f3 B\u00e1varo Centro de convenciones) adicionalmente, veremos los \u00faltimos avances y t\u00e9cnicas, en los diversos t\u00f3picos, que sin duda enriquecer\u00e1 nuestra pr\u00e1ctica profesional, brindando una mejor atenci\u00f3n a nuestros pacientes.<\/p>\n\n\n\n<p>De igual forma compartir, estrechar y ampliar nuestras amistades, no s\u00f3lo con nuestros colegas, tambi\u00e9n con sus acompa\u00f1antes, para ello hemos pensado y dise\u00f1ado eventos sociales, que favorecer\u00e1n sin duda esta actividad.<\/p>\n\n\n\n<p>Les damos desde ya la bienvenida a Punta Cana, Rep\u00fablica Dominicana, hermoso y paradis\u00edaco destino tur\u00edstico, conocida por sus hermosas playas, de blanca arena, aguas cristalinas y hermosos paisajes naturales. Se conjuga entonces la oportunidad de disfrutar de una experiencia, acad\u00e9mica, social, tur\u00edstica y familiar de una manera \u00fanica y singular.<\/p>\n\n\n\n<p>Este congreso para asegurar el \u00e9xito requiere de su participaci\u00f3n y aporte.<\/p>\n\n\n\n<p>Finalmente cumpliremos con generar nuevos conocimientos y experiencias, que se reflejar\u00e1n en el crecimiento de nuestra especialidad y actividad profesional, en cada uno de nuestros pa\u00edses.<\/p>\n\n\n\n<p>Bienvenidos.<\/p>\n\n\n\n<div class=\"wp-block-stackable-columns stk-block-columns stk-block stk-2e436e6 perfiles\" data-block-id=\"2e436e6\"><style>.stk-2e436e6 .stk--block-align-2e436e6{align-items:center !important;}.stk-2e436e6-column{--stk-columns-spacing:0px !important;}<\/style><div class=\"stk-row stk-inner-blocks stk--block-align-2e436e6 stk-block-content stk-content-align stk-2e436e6-column\">\n<div class=\"wp-block-stackable-column stk-block-column stk-column stk-block stk-ba4606b\" data-v=\"4\" data-block-id=\"ba4606b\"><style>@media screen and (min-width:690px){.stk-ba4606b {flex:var(--stk-flex-grow, 1) 1 calc(35% - var(--stk-column-gap, 0px) * 1 \/ 2 ) !important;}}@media screen and (min-width:690px) and (max-width:999px){.stk-ba4606b {flex:var(--stk-flex-grow, 1) 1 calc(50% - var(--stk-column-gap, 0px) * 1 \/ 2 ) !important;}}<\/style><div class=\"stk-column-wrapper stk-block-column__content stk-container stk-ba4606b-container stk--no-background stk--no-padding\"><div class=\"stk-block-content stk-inner-blocks stk-ba4606b-inner-blocks\">\n<div class=\"wp-block-stackable-image stk-block-image has-text-align-left stk-block stk-813c62e\" data-block-id=\"813c62e\"><style>.stk-813c62e .stk-img-wrapper{width:180px !important;}<\/style><figure><span class=\"stk-img-wrapper stk-image--shape-stretch\"><img loading=\"lazy\" decoding=\"async\" class=\"stk-img wp-image-1644\" src=\"https:\/\/congresocialacibu.com\/2025\/wp-content\/uploads\/2025\/03\/Humberto-Fdez-2.jpg\" width=\"500\" height=\"500\" srcset=\"https:\/\/congresocialacibu.com\/2025\/wp-content\/uploads\/2025\/03\/Humberto-Fdez-2.jpg 500w, https:\/\/congresocialacibu.com\/2025\/wp-content\/uploads\/2025\/03\/Humberto-Fdez-2-300x300.jpg 300w, https:\/\/congresocialacibu.com\/2025\/wp-content\/uploads\/2025\/03\/Humberto-Fdez-2-150x150.jpg 150w\" sizes=\"auto, (max-width: 500px) 100vw, 500px\" \/><\/span><\/figure><\/div>\n<\/div><\/div><\/div>\n\n\n\n<div class=\"wp-block-stackable-column stk-block-column stk-column stk-block stk-aa6252e\" data-v=\"4\" data-block-id=\"aa6252e\"><style>@media screen and (min-width:690px){.stk-aa6252e {flex:var(--stk-flex-grow, 1) 1 calc(65% - var(--stk-column-gap, 0px) * 1 \/ 2 ) !important;}}@media screen and (min-width:690px) and (max-width:999px){.stk-aa6252e {flex:var(--stk-flex-grow, 1) 1 calc(50% - var(--stk-column-gap, 0px) * 1 \/ 2 ) !important;}}<\/style><div class=\"stk-column-wrapper stk-block-column__content stk-container stk-aa6252e-container stk--no-background stk--no-padding\"><div class=\"stk-block-content stk-inner-blocks stk-aa6252e-inner-blocks\">\n<div class=\"wp-block-stackable-text stk-block-text stk-block stk-75de53f\" data-block-id=\"75de53f\"><style>.stk-75de53f {margin-bottom:0px !important;}<\/style><p class=\"stk-block-text__text\"><span style=\"color: var(--theme-palette-color-1, #26517b);\" class=\"stk-highlight\"><strong><strong>Dr. Humberto Fern\u00e1ndez Olarte<\/strong><\/strong><\/span><\/p><\/div>\n\n\n\n<div class=\"wp-block-stackable-text stk-block-text stk-block stk-3c91d20\" data-block-id=\"3c91d20\"><p class=\"stk-block-text__text\"><span style=\"color: var(--theme-palette-color-1, #26517b);\" class=\"stk-highlight\">Presidente de ALACIBU<\/span><\/p><\/div>\n<\/div><\/div><\/div>\n<\/div><\/div>\n<\/div><\/div><\/div>\n<\/div><\/div>\n","protected":false},"excerpt":{"rendered":"<p>Acomp\u00e1\u00f1anos a nuestro pr\u00f3ximo XXIV Congreso CIALACIBU 2025 Punta Cana, Rep\u00fablica Dominicana. Ser\u00e1 un gusto para nosotros recibir a destacados expertos y profesionales de Latinoam\u00e9rica y el mundo, en el \u00e1rea de Cirug\u00eda Bucomaxilofacial y afines. En este gran evento organizado por la Asociaci\u00f3n Latinoamericana de Cirug\u00eda Bucomaxilofacia (ALACIBU) en compa\u00f1\u00eda de la Sociedad Dominicana [&hellip;]<\/p>\n","protected":false},"author":1,"featured_media":979,"parent":0,"menu_order":0,"comment_status":"closed","ping_status":"closed","template":"","meta":{"footnotes":""},"class_list":["post-1636","page","type-page","status-publish","has-post-thumbnail","hentry"],"blocksy_meta":[],"yoast_head":"<!-- This site is optimized with the Yoast SEO plugin v27.5 - https:\/\/yoast.com\/product\/yoast-seo-wordpress\/ -->\n<title>Carta del Presidente de ALACIBU - Congreso CIALACIBU 2025<\/title>\n<meta name=\"description\" content=\"CIALACIBU 2025. XXIV Congreso Internacional. Barcel\u00f3 B\u00e1varo Centro de Convenciones.\" \/>\n<meta name=\"robots\" content=\"noindex, follow, max-snippet:-1, max-image-preview:large, max-video-preview:-1\" \/>\n<meta property=\"og:locale\" content=\"es_ES\" \/>\n<meta property=\"og:type\" content=\"article\" \/>\n<meta property=\"og:title\" content=\"Carta del Presidente de ALACIBU - Congreso CIALACIBU 2025\" \/>\n<meta property=\"og:description\" content=\"CIALACIBU 2025. XXIV Congreso Internacional. Barcel\u00f3 B\u00e1varo Centro de Convenciones.\" \/>\n<meta property=\"og:url\" content=\"https:\/\/congresocialacibu.com\/2025\/carta-del-presidente-de-alacibu\/\" \/>\n<meta property=\"og:site_name\" content=\"Congreso CIALACIBU 2025\" \/>\n<meta property=\"article:modified_time\" content=\"2025-03-02T19:37:05+00:00\" \/>\n<meta property=\"og:image\" content=\"https:\/\/congresocialacibu.com\/2025\/wp-content\/uploads\/2023\/11\/cialacibu-seo-2.jpg\" \/>\n\t<meta property=\"og:image:width\" content=\"1200\" \/>\n\t<meta property=\"og:image:height\" content=\"800\" \/>\n\t<meta property=\"og:image:type\" content=\"image\/jpeg\" \/>\n<meta name=\"twitter:card\" content=\"summary_large_image\" \/>\n<meta name=\"twitter:label1\" content=\"Tiempo de lectura\" \/>\n\t<meta name=\"twitter:data1\" content=\"2 minutos\" \/>\n<script type=\"application\/ld+json\" class=\"yoast-schema-graph\">{\"@context\":\"https:\\\/\\\/schema.org\",\"@graph\":[{\"@type\":\"WebPage\",\"@id\":\"https:\\\/\\\/congresocialacibu.com\\\/2025\\\/carta-del-presidente-de-alacibu\\\/\",\"url\":\"https:\\\/\\\/congresocialacibu.com\\\/2025\\\/carta-del-presidente-de-alacibu\\\/\",\"name\":\"Carta del Presidente de ALACIBU - Congreso CIALACIBU 2025\",\"isPartOf\":{\"@id\":\"https:\\\/\\\/congresocialacibu.com\\\/2025\\\/#website\"},\"primaryImageOfPage\":{\"@id\":\"https:\\\/\\\/congresocialacibu.com\\\/2025\\\/carta-del-presidente-de-alacibu\\\/#primaryimage\"},\"image\":{\"@id\":\"https:\\\/\\\/congresocialacibu.com\\\/2025\\\/carta-del-presidente-de-alacibu\\\/#primaryimage\"},\"thumbnailUrl\":\"https:\\\/\\\/congresocialacibu.com\\\/2025\\\/wp-content\\\/uploads\\\/2023\\\/11\\\/cialacibu-seo-2.jpg\",\"datePublished\":\"2025-03-02T19:32:08+00:00\",\"dateModified\":\"2025-03-02T19:37:05+00:00\",\"description\":\"CIALACIBU 2025. XXIV Congreso Internacional. Barcel\u00f3 B\u00e1varo Centro de Convenciones.\",\"breadcrumb\":{\"@id\":\"https:\\\/\\\/congresocialacibu.com\\\/2025\\\/carta-del-presidente-de-alacibu\\\/#breadcrumb\"},\"inLanguage\":\"es\",\"potentialAction\":[{\"@type\":\"ReadAction\",\"target\":[\"https:\\\/\\\/congresocialacibu.com\\\/2025\\\/carta-del-presidente-de-alacibu\\\/\"]}]},{\"@type\":\"ImageObject\",\"inLanguage\":\"es\",\"@id\":\"https:\\\/\\\/congresocialacibu.com\\\/2025\\\/carta-del-presidente-de-alacibu\\\/#primaryimage\",\"url\":\"https:\\\/\\\/congresocialacibu.com\\\/2025\\\/wp-content\\\/uploads\\\/2023\\\/11\\\/cialacibu-seo-2.jpg\",\"contentUrl\":\"https:\\\/\\\/congresocialacibu.com\\\/2025\\\/wp-content\\\/uploads\\\/2023\\\/11\\\/cialacibu-seo-2.jpg\",\"width\":1200,\"height\":800},{\"@type\":\"BreadcrumbList\",\"@id\":\"https:\\\/\\\/congresocialacibu.com\\\/2025\\\/carta-del-presidente-de-alacibu\\\/#breadcrumb\",\"itemListElement\":[{\"@type\":\"ListItem\",\"position\":1,\"name\":\"Portada\",\"item\":\"https:\\\/\\\/congresocialacibu.com\\\/2025\\\/\"},{\"@type\":\"ListItem\",\"position\":2,\"name\":\"Carta del Presidente de ALACIBU\"}]},{\"@type\":\"WebSite\",\"@id\":\"https:\\\/\\\/congresocialacibu.com\\\/2025\\\/#website\",\"url\":\"https:\\\/\\\/congresocialacibu.com\\\/2025\\\/\",\"name\":\"Congreso CIALACIBU 2025\",\"description\":\"\",\"publisher\":{\"@id\":\"https:\\\/\\\/congresocialacibu.com\\\/2025\\\/#organization\"},\"potentialAction\":[{\"@type\":\"SearchAction\",\"target\":{\"@type\":\"EntryPoint\",\"urlTemplate\":\"https:\\\/\\\/congresocialacibu.com\\\/2025\\\/?s={search_term_string}\"},\"query-input\":{\"@type\":\"PropertyValueSpecification\",\"valueRequired\":true,\"valueName\":\"search_term_string\"}}],\"inLanguage\":\"es\"},{\"@type\":\"Organization\",\"@id\":\"https:\\\/\\\/congresocialacibu.com\\\/2025\\\/#organization\",\"name\":\"Congreso CIALACIBU 2025\",\"url\":\"https:\\\/\\\/congresocialacibu.com\\\/2025\\\/\",\"logo\":{\"@type\":\"ImageObject\",\"inLanguage\":\"es\",\"@id\":\"https:\\\/\\\/congresocialacibu.com\\\/2025\\\/#\\\/schema\\\/logo\\\/image\\\/\",\"url\":\"https:\\\/\\\/congresocialacibu.com\\\/2025\\\/wp-content\\\/uploads\\\/2023\\\/11\\\/logo-1.svg\",\"contentUrl\":\"https:\\\/\\\/congresocialacibu.com\\\/2025\\\/wp-content\\\/uploads\\\/2023\\\/11\\\/logo-1.svg\",\"width\":249,\"height\":25,\"caption\":\"Congreso CIALACIBU 2025\"},\"image\":{\"@id\":\"https:\\\/\\\/congresocialacibu.com\\\/2025\\\/#\\\/schema\\\/logo\\\/image\\\/\"}}]}<\/script>\n<!-- \/ Yoast SEO plugin. -->","yoast_head_json":{"title":"Carta del Presidente de ALACIBU - Congreso CIALACIBU 2025","description":"CIALACIBU 2025. XXIV Congreso Internacional. Barcel\u00f3 B\u00e1varo Centro de Convenciones.","robots":{"index":"noindex","follow":"follow","max-snippet":"max-snippet:-1","max-image-preview":"max-image-preview:large","max-video-preview":"max-video-preview:-1"},"og_locale":"es_ES","og_type":"article","og_title":"Carta del Presidente de ALACIBU - Congreso CIALACIBU 2025","og_description":"CIALACIBU 2025. XXIV Congreso Internacional. Barcel\u00f3 B\u00e1varo Centro de Convenciones.","og_url":"https:\/\/congresocialacibu.com\/2025\/carta-del-presidente-de-alacibu\/","og_site_name":"Congreso CIALACIBU 2025","article_modified_time":"2025-03-02T19:37:05+00:00","og_image":[{"width":1200,"height":800,"url":"https:\/\/congresocialacibu.com\/2025\/wp-content\/uploads\/2023\/11\/cialacibu-seo-2.jpg","type":"image\/jpeg"}],"twitter_card":"summary_large_image","twitter_misc":{"Tiempo de lectura":"2 minutos"},"schema":{"@context":"https:\/\/schema.org","@graph":[{"@type":"WebPage","@id":"https:\/\/congresocialacibu.com\/2025\/carta-del-presidente-de-alacibu\/","url":"https:\/\/congresocialacibu.com\/2025\/carta-del-presidente-de-alacibu\/","name":"Carta del Presidente de ALACIBU - Congreso CIALACIBU 2025","isPartOf":{"@id":"https:\/\/congresocialacibu.com\/2025\/#website"},"primaryImageOfPage":{"@id":"https:\/\/congresocialacibu.com\/2025\/carta-del-presidente-de-alacibu\/#primaryimage"},"image":{"@id":"https:\/\/congresocialacibu.com\/2025\/carta-del-presidente-de-alacibu\/#primaryimage"},"thumbnailUrl":"https:\/\/congresocialacibu.com\/2025\/wp-content\/uploads\/2023\/11\/cialacibu-seo-2.jpg","datePublished":"2025-03-02T19:32:08+00:00","dateModified":"2025-03-02T19:37:05+00:00","description":"CIALACIBU 2025. XXIV Congreso Internacional. Barcel\u00f3 B\u00e1varo Centro de Convenciones.","breadcrumb":{"@id":"https:\/\/congresocialacibu.com\/2025\/carta-del-presidente-de-alacibu\/#breadcrumb"},"inLanguage":"es","potentialAction":[{"@type":"ReadAction","target":["https:\/\/congresocialacibu.com\/2025\/carta-del-presidente-de-alacibu\/"]}]},{"@type":"ImageObject","inLanguage":"es","@id":"https:\/\/congresocialacibu.com\/2025\/carta-del-presidente-de-alacibu\/#primaryimage","url":"https:\/\/congresocialacibu.com\/2025\/wp-content\/uploads\/2023\/11\/cialacibu-seo-2.jpg","contentUrl":"https:\/\/congresocialacibu.com\/2025\/wp-content\/uploads\/2023\/11\/cialacibu-seo-2.jpg","width":1200,"height":800},{"@type":"BreadcrumbList","@id":"https:\/\/congresocialacibu.com\/2025\/carta-del-presidente-de-alacibu\/#breadcrumb","itemListElement":[{"@type":"ListItem","position":1,"name":"Portada","item":"https:\/\/congresocialacibu.com\/2025\/"},{"@type":"ListItem","position":2,"name":"Carta del Presidente de ALACIBU"}]},{"@type":"WebSite","@id":"https:\/\/congresocialacibu.com\/2025\/#website","url":"https:\/\/congresocialacibu.com\/2025\/","name":"Congreso CIALACIBU 2025","description":"","publisher":{"@id":"https:\/\/congresocialacibu.com\/2025\/#organization"},"potentialAction":[{"@type":"SearchAction","target":{"@type":"EntryPoint","urlTemplate":"https:\/\/congresocialacibu.com\/2025\/?s={search_term_string}"},"query-input":{"@type":"PropertyValueSpecification","valueRequired":true,"valueName":"search_term_string"}}],"inLanguage":"es"},{"@type":"Organization","@id":"https:\/\/congresocialacibu.com\/2025\/#organization","name":"Congreso CIALACIBU 2025","url":"https:\/\/congresocialacibu.com\/2025\/","logo":{"@type":"ImageObject","inLanguage":"es","@id":"https:\/\/congresocialacibu.com\/2025\/#\/schema\/logo\/image\/","url":"https:\/\/congresocialacibu.com\/2025\/wp-content\/uploads\/2023\/11\/logo-1.svg","contentUrl":"https:\/\/congresocialacibu.com\/2025\/wp-content\/uploads\/2023\/11\/logo-1.svg","width":249,"height":25,"caption":"Congreso CIALACIBU 2025"},"image":{"@id":"https:\/\/congresocialacibu.com\/2025\/#\/schema\/logo\/image\/"}}]}},"_links":{"self":[{"href":"https:\/\/congresocialacibu.com\/2025\/wp-json\/wp\/v2\/pages\/1636","targetHints":{"allow":["GET"]}}],"collection":[{"href":"https:\/\/congresocialacibu.com\/2025\/wp-json\/wp\/v2\/pages"}],"about":[{"href":"https:\/\/congresocialacibu.com\/2025\/wp-json\/wp\/v2\/types\/page"}],"author":[{"embeddable":true,"href":"https:\/\/congresocialacibu.com\/2025\/wp-json\/wp\/v2\/users\/1"}],"replies":[{"embeddable":true,"href":"https:\/\/congresocialacibu.com\/2025\/wp-json\/wp\/v2\/comments?post=1636"}],"version-history":[{"count":5,"href":"https:\/\/congresocialacibu.com\/2025\/wp-json\/wp\/v2\/pages\/1636\/revisions"}],"predecessor-version":[{"id":1645,"href":"https:\/\/congresocialacibu.com\/2025\/wp-json\/wp\/v2\/pages\/1636\/revisions\/1645"}],"wp:featuredmedia":[{"embeddable":true,"href":"https:\/\/congresocialacibu.com\/2025\/wp-json\/wp\/v2\/media\/979"}],"wp:attachment":[{"href":"https:\/\/congresocialacibu.com\/2025\/wp-json\/wp\/v2\/media?parent=1636"}],"curies":[{"name":"wp","href":"https:\/\/api.w.org\/{rel}","templated":true}]}}