{"id":1708,"date":"2025-04-10T09:00:53","date_gmt":"2025-04-10T09:00:53","guid":{"rendered":"https:\/\/congresocialacibu.com\/2025\/?page_id=1708"},"modified":"2025-04-23T15:30:21","modified_gmt":"2025-04-23T15:30:21","slug":"excursiones","status":"publish","type":"page","link":"https:\/\/congresocialacibu.com\/2025\/excursiones\/","title":{"rendered":"Excursiones"},"content":{"rendered":"\n<p>Desde el congreso <strong>CIALACIBU 2025<\/strong> ponemos a su disposici\u00f3n a trav\u00e9s de <strong>Vacaciones Barcel\u00f3<\/strong> (agencia oficial de tours) una fant\u00e1stica y variada oferta de excursiones privadas para que pueda disfrutar de su tiempo libre, tanto usted como los amigos o familiares que lo acompa\u00f1en y conocer Rep\u00fablica Dominicana para aprovechar al m\u00e1ximo su estancia. &nbsp;<\/p>\n\n\n\n<div class=\"wp-block-stackable-columns stk-block-columns stk-block stk-07b07af\" data-block-id=\"07b07af\"><style>.stk-07b07af {border-top-left-radius:10px !important;border-top-right-radius:10px !important;border-bottom-right-radius:10px !important;border-bottom-left-radius:10px !important;overflow:hidden !important;border-style:solid !important;border-color:var(--theme-palette-color-3, #83d5c1) !important;padding-top:24px !important;padding-right:24px !important;padding-bottom:24px !important;padding-left:24px !important;}<\/style><div class=\"stk-row stk-inner-blocks stk-block-content stk-content-align stk-07b07af-column\">\n<div class=\"wp-block-stackable-column stk-block-column stk-column stk-block stk-5a55f2b\" data-v=\"4\" data-block-id=\"5a55f2b\"><div class=\"stk-column-wrapper stk-block-column__content stk-container stk-5a55f2b-container stk--no-background stk--no-padding\"><div class=\"stk-block-content stk-inner-blocks stk-5a55f2b-inner-blocks\">\n<div class=\"wp-block-stackable-heading stk-block-heading stk-block-heading--v2 stk-block stk-ca3a837\" id=\"reservas\" data-block-id=\"ca3a837\"><style>.stk-ca3a837 {margin-bottom:4px !important;}.stk-ca3a837 .stk-block-heading__text{color:var(--theme-palette-color-1, #26517b) !important;}<\/style><h4 class=\"stk-block-heading__text has-text-color has-text-align-left\">Reservas<\/h4><\/div>\n\n\n\n<div class=\"wp-block-stackable-text stk-block-text stk-block stk-aa9da25\" data-block-id=\"aa9da25\"><style>.stk-aa9da25 {overflow:hidden !important;}.stk-aa9da25 .stk-block-text__text{font-size:16px !important;line-height:22px !important;}@media screen and (max-width:999px){.stk-aa9da25 .stk-block-text__text{font-size:16px !important;}}<\/style><p class=\"stk-block-text__text has-text-align-left\">Puede reservar y realizar el pago directo con Vacaciones Barcel\u00f3 desde el enlace que encontrar\u00e1 en cada una de las actividades.<\/p><\/div>\n<\/div><\/div><\/div>\n<\/div><\/div>\n\n\n\n<p class=\"nota\">Todas las tarifas est\u00e1n dadas sobre la base de una (1) persona y expresadas en d\u00f3lares.&nbsp;Para cualquier duda o consulta puede contactar con Viajes Barcel\u00f3 en el correo electr\u00f3nico <a href=\"mailto:grupos.rd@vacacionesbarcelo.com\">grupos.rd@vacacionesbarcelo.com<\/a><\/p>\n\n\n\n<ul class=\"wp-block-list lista-excursiones\">\n<li><img loading=\"lazy\" decoding=\"async\" width=\"500\" height=\"300\" class=\"wp-image-1721\" style=\"width: 500px;\" src=\"https:\/\/congresocialacibu.com\/2025\/wp-content\/uploads\/2025\/04\/01-Party-Boat-05.jpg\" alt=\"\" srcset=\"https:\/\/congresocialacibu.com\/2025\/wp-content\/uploads\/2025\/04\/01-Party-Boat-05.jpg 1000w, https:\/\/congresocialacibu.com\/2025\/wp-content\/uploads\/2025\/04\/01-Party-Boat-05-300x180.jpg 300w, https:\/\/congresocialacibu.com\/2025\/wp-content\/uploads\/2025\/04\/01-Party-Boat-05-768x461.jpg 768w\" sizes=\"auto, (max-width: 500px) 100vw, 500px\" \/><br><em>Medio d\u00eda<\/em><br><strong>B\u00e1varo Adventure Party Boat<\/strong><br><a href=\"https:\/\/congresocialacibu.com\/2025\/excursiones\/bavaro-adventure-party-boat\/\">Informaci\u00f3n y reservas<\/a><\/li>\n\n\n\n<li><img loading=\"lazy\" decoding=\"async\" width=\"500\" height=\"300\" class=\"wp-image-1730\" style=\"width: 500px;\" src=\"https:\/\/congresocialacibu.com\/2025\/wp-content\/uploads\/2025\/04\/02-Marinarium-05.jpg\" alt=\"\" srcset=\"https:\/\/congresocialacibu.com\/2025\/wp-content\/uploads\/2025\/04\/02-Marinarium-05.jpg 1000w, https:\/\/congresocialacibu.com\/2025\/wp-content\/uploads\/2025\/04\/02-Marinarium-05-300x180.jpg 300w, https:\/\/congresocialacibu.com\/2025\/wp-content\/uploads\/2025\/04\/02-Marinarium-05-768x461.jpg 768w\" sizes=\"auto, (max-width: 500px) 100vw, 500px\" \/><br><em>Medio d\u00eda<\/em><br><strong>Marinarium<\/strong><br><a href=\"https:\/\/congresocialacibu.com\/2025\/excursiones\/marinarium\/\">Informaci\u00f3n y reservas<\/a><\/li>\n\n\n\n<li><img loading=\"lazy\" decoding=\"async\" width=\"500\" height=\"300\" class=\"wp-image-1734\" style=\"width: 500px;\" src=\"https:\/\/congresocialacibu.com\/2025\/wp-content\/uploads\/2025\/04\/03-Dolphin-Island-04.jpg\" alt=\"\" srcset=\"https:\/\/congresocialacibu.com\/2025\/wp-content\/uploads\/2025\/04\/03-Dolphin-Island-04.jpg 1000w, https:\/\/congresocialacibu.com\/2025\/wp-content\/uploads\/2025\/04\/03-Dolphin-Island-04-300x180.jpg 300w, https:\/\/congresocialacibu.com\/2025\/wp-content\/uploads\/2025\/04\/03-Dolphin-Island-04-768x461.jpg 768w\" sizes=\"auto, (max-width: 500px) 100vw, 500px\" \/><br><em>Medio d\u00eda<\/em><br><strong>Dolphin Island<\/strong><br><a href=\"https:\/\/congresocialacibu.com\/2025\/excursiones\/dolphin-island\/\">Informaci\u00f3n y reservas<\/a><\/li>\n\n\n\n<li><img loading=\"lazy\" decoding=\"async\" width=\"500\" height=\"300\" class=\"wp-image-1822\" style=\"width: 500px;\" src=\"https:\/\/congresocialacibu.com\/2025\/wp-content\/uploads\/2025\/04\/04-Eco-Park-04.jpg\" alt=\"\" srcset=\"https:\/\/congresocialacibu.com\/2025\/wp-content\/uploads\/2025\/04\/04-Eco-Park-04.jpg 1000w, https:\/\/congresocialacibu.com\/2025\/wp-content\/uploads\/2025\/04\/04-Eco-Park-04-300x180.jpg 300w, https:\/\/congresocialacibu.com\/2025\/wp-content\/uploads\/2025\/04\/04-Eco-Park-04-768x461.jpg 768w\" sizes=\"auto, (max-width: 500px) 100vw, 500px\" \/><br><em>Medio d\u00eda<\/em><br><strong><strong>Eco Park<\/strong><\/strong><br><a href=\"https:\/\/congresocialacibu.com\/2025\/excursiones\/eco-park\/\">Informaci\u00f3n y reservas<\/a><\/li>\n\n\n\n<li><img loading=\"lazy\" decoding=\"async\" width=\"500\" height=\"300\" class=\"wp-image-1826\" style=\"width: 500px;\" src=\"https:\/\/congresocialacibu.com\/2025\/wp-content\/uploads\/2025\/04\/05-Isla-Saona-03.jpg\" alt=\"\" srcset=\"https:\/\/congresocialacibu.com\/2025\/wp-content\/uploads\/2025\/04\/05-Isla-Saona-03.jpg 1000w, https:\/\/congresocialacibu.com\/2025\/wp-content\/uploads\/2025\/04\/05-Isla-Saona-03-300x180.jpg 300w, https:\/\/congresocialacibu.com\/2025\/wp-content\/uploads\/2025\/04\/05-Isla-Saona-03-768x461.jpg 768w\" sizes=\"auto, (max-width: 500px) 100vw, 500px\" \/><br><em><em>D\u00eda completo<\/em><\/em><br><strong><strong>Isla Saona<\/strong><\/strong><br><a href=\"https:\/\/congresocialacibu.com\/2025\/excursiones\/isla-saona\/\">Informaci\u00f3n y reservas<\/a><\/li>\n\n\n\n<li><img loading=\"lazy\" decoding=\"async\" width=\"500\" height=\"300\" class=\"wp-image-1830\" style=\"width: 500px;\" src=\"https:\/\/congresocialacibu.com\/2025\/wp-content\/uploads\/2025\/04\/06-Catalina-Playa-Grande-02.jpg\" alt=\"\" srcset=\"https:\/\/congresocialacibu.com\/2025\/wp-content\/uploads\/2025\/04\/06-Catalina-Playa-Grande-02.jpg 1000w, https:\/\/congresocialacibu.com\/2025\/wp-content\/uploads\/2025\/04\/06-Catalina-Playa-Grande-02-300x180.jpg 300w, https:\/\/congresocialacibu.com\/2025\/wp-content\/uploads\/2025\/04\/06-Catalina-Playa-Grande-02-768x461.jpg 768w\" sizes=\"auto, (max-width: 500px) 100vw, 500px\" \/><br><em><em>D\u00eda completo<\/em><\/em><br><strong><strong>Catalina Playa Grande + Altos Chav\u00f3n<\/strong><\/strong><br><a href=\"https:\/\/congresocialacibu.com\/2025\/excursiones\/catalina-playa-grande-altos-chavon\/\">Informaci\u00f3n y reservas<\/a><\/li>\n\n\n\n<li><img loading=\"lazy\" decoding=\"async\" width=\"500\" height=\"300\" class=\"wp-image-1835\" style=\"width: 500px;\" src=\"https:\/\/congresocialacibu.com\/2025\/wp-content\/uploads\/2025\/04\/07-Santo-Domingo-02.jpg\" alt=\"\" srcset=\"https:\/\/congresocialacibu.com\/2025\/wp-content\/uploads\/2025\/04\/07-Santo-Domingo-02.jpg 1000w, https:\/\/congresocialacibu.com\/2025\/wp-content\/uploads\/2025\/04\/07-Santo-Domingo-02-300x180.jpg 300w, https:\/\/congresocialacibu.com\/2025\/wp-content\/uploads\/2025\/04\/07-Santo-Domingo-02-768x461.jpg 768w\" sizes=\"auto, (max-width: 500px) 100vw, 500px\" \/><br><em><em>D\u00eda completo<\/em><\/em><br><strong><strong>Santo Domingo<\/strong><\/strong><br><a href=\"https:\/\/congresocialacibu.com\/2025\/excursiones\/santo-domingo\/\">Informaci\u00f3n y reservas<\/a><\/li>\n\n\n\n<li><img loading=\"lazy\" decoding=\"async\" width=\"500\" height=\"300\" class=\"wp-image-2011\" style=\"width: 500px;\" src=\"https:\/\/congresocialacibu.com\/2025\/wp-content\/uploads\/2025\/04\/10-El-Dorado-Park-02.jpg\" alt=\"\" srcset=\"https:\/\/congresocialacibu.com\/2025\/wp-content\/uploads\/2025\/04\/10-El-Dorado-Park-02.jpg 1000w, https:\/\/congresocialacibu.com\/2025\/wp-content\/uploads\/2025\/04\/10-El-Dorado-Park-02-300x180.jpg 300w, https:\/\/congresocialacibu.com\/2025\/wp-content\/uploads\/2025\/04\/10-El-Dorado-Park-02-768x461.jpg 768w\" sizes=\"auto, (max-width: 500px) 100vw, 500px\" \/><br><em><em><em><em>D\u00eda completo<\/em><\/em><\/em><\/em><br><strong><strong>El Dorado Park<\/strong><\/strong><br><a href=\"https:\/\/congresocialacibu.com\/2025\/excursiones\/el-dorado-park\/\">Informaci\u00f3n y reservas<\/a><\/li>\n\n\n\n<li><img loading=\"lazy\" decoding=\"async\" width=\"500\" height=\"300\" class=\"wp-image-1839\" style=\"width: 500px;\" src=\"https:\/\/congresocialacibu.com\/2025\/wp-content\/uploads\/2025\/04\/08-Unique-Cave-Night-Tour-01.jpg\" alt=\"\" srcset=\"https:\/\/congresocialacibu.com\/2025\/wp-content\/uploads\/2025\/04\/08-Unique-Cave-Night-Tour-01.jpg 1000w, https:\/\/congresocialacibu.com\/2025\/wp-content\/uploads\/2025\/04\/08-Unique-Cave-Night-Tour-01-300x180.jpg 300w, https:\/\/congresocialacibu.com\/2025\/wp-content\/uploads\/2025\/04\/08-Unique-Cave-Night-Tour-01-768x461.jpg 768w\" sizes=\"auto, (max-width: 500px) 100vw, 500px\" \/><br><em><em>Nocturna<\/em><\/em><br><strong><strong>Unique Cave Night Tour<\/strong><\/strong><br><a href=\"https:\/\/congresocialacibu.com\/2025\/excursiones\/unique-cave-night-tour\/\">Informaci\u00f3n y reservas<\/a><\/li>\n\n\n\n<li><img loading=\"lazy\" decoding=\"async\" width=\"500\" height=\"300\" class=\"wp-image-1844\" style=\"width: 500px;\" src=\"https:\/\/congresocialacibu.com\/2025\/wp-content\/uploads\/2025\/04\/09-Coco-Bongo-01.jpg\" alt=\"\" srcset=\"https:\/\/congresocialacibu.com\/2025\/wp-content\/uploads\/2025\/04\/09-Coco-Bongo-01.jpg 1000w, https:\/\/congresocialacibu.com\/2025\/wp-content\/uploads\/2025\/04\/09-Coco-Bongo-01-300x180.jpg 300w, https:\/\/congresocialacibu.com\/2025\/wp-content\/uploads\/2025\/04\/09-Coco-Bongo-01-768x461.jpg 768w\" sizes=\"auto, (max-width: 500px) 100vw, 500px\" \/><br><em><em><em><em>Nocturna<\/em><\/em><\/em><\/em><br><strong><strong>Coco Bongo Show &amp; Disco<\/strong><\/strong><br><a href=\"https:\/\/congresocialacibu.com\/2025\/excursiones\/coco-bongo-show-disco\/\">Informaci\u00f3n y reservas<\/a><\/li>\n<\/ul>\n","protected":false},"excerpt":{"rendered":"<p>Desde el congreso CIALACIBU 2025 ponemos a su disposici\u00f3n a trav\u00e9s de Vacaciones Barcel\u00f3 (agencia oficial de tours) una fant\u00e1stica y variada oferta de excursiones privadas para que pueda disfrutar de su tiempo libre, tanto usted como los amigos o familiares que lo acompa\u00f1en y conocer Rep\u00fablica Dominicana para aprovechar al m\u00e1ximo su estancia. &nbsp; [&hellip;]<\/p>\n","protected":false},"author":1,"featured_media":0,"parent":0,"menu_order":0,"comment_status":"closed","ping_status":"closed","template":"","meta":{"footnotes":""},"class_list":["post-1708","page","type-page","status-publish","hentry"],"blocksy_meta":{"page_structure_type":"type-3","styles_descriptor":{"styles":{"desktop":"","tablet":"","mobile":""},"google_fonts":[],"version":6}},"yoast_head":"<!-- This site is optimized with the Yoast SEO plugin v27.5 - https:\/\/yoast.com\/product\/yoast-seo-wordpress\/ -->\n<title>Excursiones - Congreso CIALACIBU 2025<\/title>\n<meta name=\"robots\" content=\"noindex, follow, max-snippet:-1, max-image-preview:large, max-video-preview:-1\" \/>\n<meta property=\"og:locale\" content=\"es_ES\" \/>\n<meta property=\"og:type\" content=\"article\" \/>\n<meta property=\"og:title\" content=\"Excursiones - Congreso CIALACIBU 2025\" \/>\n<meta property=\"og:description\" content=\"Desde el congreso CIALACIBU 2025 ponemos a su disposici\u00f3n a trav\u00e9s de Vacaciones Barcel\u00f3 (agencia oficial de tours) una fant\u00e1stica y variada oferta de excursiones privadas para que pueda disfrutar de su tiempo libre, tanto usted como los amigos o familiares que lo acompa\u00f1en y conocer Rep\u00fablica Dominicana para aprovechar al m\u00e1ximo su estancia. &nbsp; [&hellip;]\" \/>\n<meta property=\"og:url\" content=\"https:\/\/congresocialacibu.com\/2025\/excursiones\/\" \/>\n<meta property=\"og:site_name\" content=\"Congreso CIALACIBU 2025\" \/>\n<meta property=\"article:modified_time\" content=\"2025-04-23T15:30:21+00:00\" \/>\n<meta property=\"og:image\" content=\"https:\/\/congresocialacibu.com\/2025\/wp-content\/uploads\/2025\/04\/01-Party-Boat-05.jpg\" \/>\n\t<meta property=\"og:image:width\" content=\"1000\" \/>\n\t<meta property=\"og:image:height\" content=\"600\" \/>\n\t<meta property=\"og:image:type\" content=\"image\/jpeg\" \/>\n<meta name=\"twitter:card\" content=\"summary_large_image\" \/>\n<meta name=\"twitter:label1\" content=\"Tiempo de lectura\" \/>\n\t<meta name=\"twitter:data1\" content=\"3 minutos\" \/>\n<script type=\"application\/ld+json\" class=\"yoast-schema-graph\">{\"@context\":\"https:\\\/\\\/schema.org\",\"@graph\":[{\"@type\":\"WebPage\",\"@id\":\"https:\\\/\\\/congresocialacibu.com\\\/2025\\\/excursiones\\\/\",\"url\":\"https:\\\/\\\/congresocialacibu.com\\\/2025\\\/excursiones\\\/\",\"name\":\"Excursiones - Congreso CIALACIBU 2025\",\"isPartOf\":{\"@id\":\"https:\\\/\\\/congresocialacibu.com\\\/2025\\\/#website\"},\"primaryImageOfPage\":{\"@id\":\"https:\\\/\\\/congresocialacibu.com\\\/2025\\\/excursiones\\\/#primaryimage\"},\"image\":{\"@id\":\"https:\\\/\\\/congresocialacibu.com\\\/2025\\\/excursiones\\\/#primaryimage\"},\"thumbnailUrl\":\"https:\\\/\\\/congresocialacibu.com\\\/2025\\\/wp-content\\\/uploads\\\/2025\\\/04\\\/01-Party-Boat-05.jpg\",\"datePublished\":\"2025-04-10T09:00:53+00:00\",\"dateModified\":\"2025-04-23T15:30:21+00:00\",\"breadcrumb\":{\"@id\":\"https:\\\/\\\/congresocialacibu.com\\\/2025\\\/excursiones\\\/#breadcrumb\"},\"inLanguage\":\"es\",\"potentialAction\":[{\"@type\":\"ReadAction\",\"target\":[\"https:\\\/\\\/congresocialacibu.com\\\/2025\\\/excursiones\\\/\"]}]},{\"@type\":\"ImageObject\",\"inLanguage\":\"es\",\"@id\":\"https:\\\/\\\/congresocialacibu.com\\\/2025\\\/excursiones\\\/#primaryimage\",\"url\":\"https:\\\/\\\/congresocialacibu.com\\\/2025\\\/wp-content\\\/uploads\\\/2025\\\/04\\\/01-Party-Boat-05.jpg\",\"contentUrl\":\"https:\\\/\\\/congresocialacibu.com\\\/2025\\\/wp-content\\\/uploads\\\/2025\\\/04\\\/01-Party-Boat-05.jpg\",\"width\":1000,\"height\":600},{\"@type\":\"BreadcrumbList\",\"@id\":\"https:\\\/\\\/congresocialacibu.com\\\/2025\\\/excursiones\\\/#breadcrumb\",\"itemListElement\":[{\"@type\":\"ListItem\",\"position\":1,\"name\":\"Portada\",\"item\":\"https:\\\/\\\/congresocialacibu.com\\\/2025\\\/\"},{\"@type\":\"ListItem\",\"position\":2,\"name\":\"Excursiones\"}]},{\"@type\":\"WebSite\",\"@id\":\"https:\\\/\\\/congresocialacibu.com\\\/2025\\\/#website\",\"url\":\"https:\\\/\\\/congresocialacibu.com\\\/2025\\\/\",\"name\":\"Congreso CIALACIBU 2025\",\"description\":\"\",\"publisher\":{\"@id\":\"https:\\\/\\\/congresocialacibu.com\\\/2025\\\/#organization\"},\"potentialAction\":[{\"@type\":\"SearchAction\",\"target\":{\"@type\":\"EntryPoint\",\"urlTemplate\":\"https:\\\/\\\/congresocialacibu.com\\\/2025\\\/?s={search_term_string}\"},\"query-input\":{\"@type\":\"PropertyValueSpecification\",\"valueRequired\":true,\"valueName\":\"search_term_string\"}}],\"inLanguage\":\"es\"},{\"@type\":\"Organization\",\"@id\":\"https:\\\/\\\/congresocialacibu.com\\\/2025\\\/#organization\",\"name\":\"Congreso CIALACIBU 2025\",\"url\":\"https:\\\/\\\/congresocialacibu.com\\\/2025\\\/\",\"logo\":{\"@type\":\"ImageObject\",\"inLanguage\":\"es\",\"@id\":\"https:\\\/\\\/congresocialacibu.com\\\/2025\\\/#\\\/schema\\\/logo\\\/image\\\/\",\"url\":\"https:\\\/\\\/congresocialacibu.com\\\/2025\\\/wp-content\\\/uploads\\\/2023\\\/11\\\/logo-1.svg\",\"contentUrl\":\"https:\\\/\\\/congresocialacibu.com\\\/2025\\\/wp-content\\\/uploads\\\/2023\\\/11\\\/logo-1.svg\",\"width\":249,\"height\":25,\"caption\":\"Congreso CIALACIBU 2025\"},\"image\":{\"@id\":\"https:\\\/\\\/congresocialacibu.com\\\/2025\\\/#\\\/schema\\\/logo\\\/image\\\/\"}}]}<\/script>\n<!-- \/ Yoast SEO plugin. -->","yoast_head_json":{"title":"Excursiones - Congreso CIALACIBU 2025","robots":{"index":"noindex","follow":"follow","max-snippet":"max-snippet:-1","max-image-preview":"max-image-preview:large","max-video-preview":"max-video-preview:-1"},"og_locale":"es_ES","og_type":"article","og_title":"Excursiones - Congreso CIALACIBU 2025","og_description":"Desde el congreso CIALACIBU 2025 ponemos a su disposici\u00f3n a trav\u00e9s de Vacaciones Barcel\u00f3 (agencia oficial de tours) una fant\u00e1stica y variada oferta de excursiones privadas para que pueda disfrutar de su tiempo libre, tanto usted como los amigos o familiares que lo acompa\u00f1en y conocer Rep\u00fablica Dominicana para aprovechar al m\u00e1ximo su estancia. &nbsp; [&hellip;]","og_url":"https:\/\/congresocialacibu.com\/2025\/excursiones\/","og_site_name":"Congreso CIALACIBU 2025","article_modified_time":"2025-04-23T15:30:21+00:00","og_image":[{"width":1000,"height":600,"url":"https:\/\/congresocialacibu.com\/2025\/wp-content\/uploads\/2025\/04\/01-Party-Boat-05.jpg","type":"image\/jpeg"}],"twitter_card":"summary_large_image","twitter_misc":{"Tiempo de lectura":"3 minutos"},"schema":{"@context":"https:\/\/schema.org","@graph":[{"@type":"WebPage","@id":"https:\/\/congresocialacibu.com\/2025\/excursiones\/","url":"https:\/\/congresocialacibu.com\/2025\/excursiones\/","name":"Excursiones - Congreso CIALACIBU 2025","isPartOf":{"@id":"https:\/\/congresocialacibu.com\/2025\/#website"},"primaryImageOfPage":{"@id":"https:\/\/congresocialacibu.com\/2025\/excursiones\/#primaryimage"},"image":{"@id":"https:\/\/congresocialacibu.com\/2025\/excursiones\/#primaryimage"},"thumbnailUrl":"https:\/\/congresocialacibu.com\/2025\/wp-content\/uploads\/2025\/04\/01-Party-Boat-05.jpg","datePublished":"2025-04-10T09:00:53+00:00","dateModified":"2025-04-23T15:30:21+00:00","breadcrumb":{"@id":"https:\/\/congresocialacibu.com\/2025\/excursiones\/#breadcrumb"},"inLanguage":"es","potentialAction":[{"@type":"ReadAction","target":["https:\/\/congresocialacibu.com\/2025\/excursiones\/"]}]},{"@type":"ImageObject","inLanguage":"es","@id":"https:\/\/congresocialacibu.com\/2025\/excursiones\/#primaryimage","url":"https:\/\/congresocialacibu.com\/2025\/wp-content\/uploads\/2025\/04\/01-Party-Boat-05.jpg","contentUrl":"https:\/\/congresocialacibu.com\/2025\/wp-content\/uploads\/2025\/04\/01-Party-Boat-05.jpg","width":1000,"height":600},{"@type":"BreadcrumbList","@id":"https:\/\/congresocialacibu.com\/2025\/excursiones\/#breadcrumb","itemListElement":[{"@type":"ListItem","position":1,"name":"Portada","item":"https:\/\/congresocialacibu.com\/2025\/"},{"@type":"ListItem","position":2,"name":"Excursiones"}]},{"@type":"WebSite","@id":"https:\/\/congresocialacibu.com\/2025\/#website","url":"https:\/\/congresocialacibu.com\/2025\/","name":"Congreso CIALACIBU 2025","description":"","publisher":{"@id":"https:\/\/congresocialacibu.com\/2025\/#organization"},"potentialAction":[{"@type":"SearchAction","target":{"@type":"EntryPoint","urlTemplate":"https:\/\/congresocialacibu.com\/2025\/?s={search_term_string}"},"query-input":{"@type":"PropertyValueSpecification","valueRequired":true,"valueName":"search_term_string"}}],"inLanguage":"es"},{"@type":"Organization","@id":"https:\/\/congresocialacibu.com\/2025\/#organization","name":"Congreso CIALACIBU 2025","url":"https:\/\/congresocialacibu.com\/2025\/","logo":{"@type":"ImageObject","inLanguage":"es","@id":"https:\/\/congresocialacibu.com\/2025\/#\/schema\/logo\/image\/","url":"https:\/\/congresocialacibu.com\/2025\/wp-content\/uploads\/2023\/11\/logo-1.svg","contentUrl":"https:\/\/congresocialacibu.com\/2025\/wp-content\/uploads\/2023\/11\/logo-1.svg","width":249,"height":25,"caption":"Congreso CIALACIBU 2025"},"image":{"@id":"https:\/\/congresocialacibu.com\/2025\/#\/schema\/logo\/image\/"}}]}},"_links":{"self":[{"href":"https:\/\/congresocialacibu.com\/2025\/wp-json\/wp\/v2\/pages\/1708","targetHints":{"allow":["GET"]}}],"collection":[{"href":"https:\/\/congresocialacibu.com\/2025\/wp-json\/wp\/v2\/pages"}],"about":[{"href":"https:\/\/congresocialacibu.com\/2025\/wp-json\/wp\/v2\/types\/page"}],"author":[{"embeddable":true,"href":"https:\/\/congresocialacibu.com\/2025\/wp-json\/wp\/v2\/users\/1"}],"replies":[{"embeddable":true,"href":"https:\/\/congresocialacibu.com\/2025\/wp-json\/wp\/v2\/comments?post=1708"}],"version-history":[{"count":26,"href":"https:\/\/congresocialacibu.com\/2025\/wp-json\/wp\/v2\/pages\/1708\/revisions"}],"predecessor-version":[{"id":2015,"href":"https:\/\/congresocialacibu.com\/2025\/wp-json\/wp\/v2\/pages\/1708\/revisions\/2015"}],"wp:attachment":[{"href":"https:\/\/congresocialacibu.com\/2025\/wp-json\/wp\/v2\/media?parent=1708"}],"curies":[{"name":"wp","href":"https:\/\/api.w.org\/{rel}","templated":true}]}}