{"id":2798,"date":"2025-09-29T16:37:42","date_gmt":"2025-09-29T16:37:42","guid":{"rendered":"https:\/\/congresocialacibu.com\/2025\/?page_id=2798"},"modified":"2025-10-10T12:11:51","modified_gmt":"2025-10-10T12:11:51","slug":"programa-cientifico-y-ponentes","status":"publish","type":"page","link":"https:\/\/congresocialacibu.com\/2025\/programa-cientifico-y-ponentes\/","title":{"rendered":"Programa Cient\u00edfico y Ponentes"},"content":{"rendered":"\n<div class=\"wp-block-stackable-columns stk-block-columns stk-block stk-083d269 stk-block-background stk-entrance\" data-block-id=\"083d269\"><style>.stk-083d269 .stk--block-align-083d269{align-items:center !important;}.stk-083d269 {background-color:var(--theme-palette-color-2, #A60A1F ) !important;border-radius:0px !important;border-top-left-radius:10px !important;border-top-right-radius:10px !important;border-bottom-right-radius:10px !important;border-bottom-left-radius:10px !important;overflow:hidden !important;border-color:transparent !important;--entrance-transform:translateY(20px) !important;}.stk-083d269:before{background-color:var(--theme-palette-color-2, #A60A1F ) !important;}.stk-083d269-column{--stk-column-gap:0px !important;}<\/style><div class=\"stk-row stk-inner-blocks stk--block-align-083d269 stk-block-content stk-content-align stk-083d269-column\">\n<div class=\"wp-block-stackable-column stk-block-column stk-column stk-block stk-bdd1b8e\" data-v=\"4\" data-block-id=\"bdd1b8e\"><style>.stk-bdd1b8e-container{margin-top:0px !important;margin-right:0px !important;margin-bottom:0px !important;margin-left:0px !important;}.stk-bdd1b8e {align-self:center !important;}@media screen and (min-width:690px){.stk-bdd1b8e {flex:var(--stk-flex-grow, 1) 1 calc(61.9% - var(--stk-column-gap, 0px) * 1 \/ 2 ) !important;}}@media screen and (max-width:689px){.stk-bdd1b8e-container{margin-bottom:20px !important;}}<\/style><div class=\"stk-column-wrapper stk-block-column__content stk-container stk-bdd1b8e-container stk--no-background stk--no-padding\"><div class=\"stk-block-content stk-inner-blocks stk-bdd1b8e-inner-blocks\">\n<p class=\"has-medium-font-size\"><span style=\"color: var(--paletteColor2, #ffffff);\" class=\"stk-highlight\">Consulte el Programa Cient\u00edfico Interactivo<\/span><\/p>\n<\/div><\/div><\/div>\n\n\n\n<div class=\"wp-block-stackable-column stk-block-column stk-column stk-block stk-875fbc8\" data-v=\"4\" data-block-id=\"875fbc8\"><style>.stk-875fbc8-container{margin-top:0px !important;margin-right:0px !important;margin-bottom:0px !important;margin-left:0px !important;padding-top:0px !important;padding-right:0px !important;padding-bottom:0px !important;padding-left:0px !important;}.stk-875fbc8 {padding-top:0px !important;padding-right:0px !important;padding-bottom:0px !important;padding-left:0px !important;margin-top:0px !important;margin-bottom:0px !important;}@media screen and (min-width:690px){.stk-875fbc8 {flex:var(--stk-flex-grow, 1) 1 calc(38.1% - var(--stk-column-gap, 0px) * 1 \/ 2 ) !important;}}<\/style><div class=\"stk-column-wrapper stk-block-column__content stk-container stk-875fbc8-container stk--no-background stk--no-padding\"><div class=\"stk-block-content stk-inner-blocks stk-875fbc8-inner-blocks\">\n<div class=\"wp-block-stackable-button-group stk-block-button-group stk-block stk-cb61ca7\" data-block-id=\"cb61ca7\"><div class=\"stk-row stk-inner-blocks has-text-align-right stk-block-content stk-button-group\">\n<div class=\"wp-block-stackable-button stk-block-button stk-block stk-555988a\" data-block-id=\"555988a\"><style>.stk-555988a .stk-button{background:var(--paletteColor2, #ffffff) !important;border-top-left-radius:100px !important;border-top-right-radius:100px !important;border-bottom-right-radius:100px !important;border-bottom-left-radius:100px !important;}.stk-555988a .stk-button:hover .stk--inner-svg svg:last-child, .stk-555988a .stk-button:hover .stk--inner-svg svg:last-child :is(g, path, rect, polygon, ellipse){fill:var(--paletteColor1, #000000) !important;}.stk-555988a .stk-button__inner-text{color:var(--paletteColor4, #9E0109) !important;}.stk-555988a .stk-button:hover .stk-button__inner-text{color:var(--paletteColor1, #000000) !important;}<\/style><a class=\"stk-link stk-button stk--hover-effect-darken\" href=\"https:\/\/barcelo.eventsair.com\/QuickEventWebsitePortal\/cialacibu2025\/cialacibusite\/Agenda\" target=\"_blank\" rel=\"noreferrer noopener\"><span class=\"has-text-color stk-button__inner-text\">Acceder<\/span><\/a><\/div>\n<\/div><\/div>\n<\/div><\/div><\/div>\n<\/div><\/div>\n\n\n\n<div class=\"wp-block-stackable-columns stk-block-columns stk-block stk-55d3549 stk-block-background stk-entrance\" data-block-id=\"55d3549\"><style>.stk-55d3549 .stk--block-align-55d3549{align-items:center !important;}.stk-55d3549 {background-color:var(--theme-palette-color-2, #A60A1F ) !important;border-radius:0px !important;border-top-left-radius:10px !important;border-top-right-radius:10px !important;border-bottom-right-radius:10px !important;border-bottom-left-radius:10px !important;overflow:hidden !important;border-color:transparent !important;margin-bottom:50px !important;--entrance-transform:translateY(20px) !important;}.stk-55d3549:before{background-color:var(--theme-palette-color-2, #A60A1F ) !important;}.stk-55d3549-column{--stk-column-gap:0px !important;}<\/style><div class=\"stk-row stk-inner-blocks stk--block-align-55d3549 stk-block-content stk-content-align stk-55d3549-column\">\n<div class=\"wp-block-stackable-column stk-block-column stk-column stk-block stk-b164803\" data-v=\"4\" data-block-id=\"b164803\"><style>.stk-b164803-container{margin-top:0px !important;margin-right:0px !important;margin-bottom:0px !important;margin-left:0px !important;}.stk-b164803 {align-self:center !important;}@media screen and (min-width:690px){.stk-b164803 {flex:var(--stk-flex-grow, 1) 1 calc(61.9% - var(--stk-column-gap, 0px) * 1 \/ 2 ) !important;}}@media screen and (max-width:689px){.stk-b164803-container{margin-bottom:20px !important;}}<\/style><div class=\"stk-column-wrapper stk-block-column__content stk-container stk-b164803-container stk--no-background stk--no-padding\"><div class=\"stk-block-content stk-inner-blocks stk-b164803-inner-blocks\">\n<p class=\"has-medium-font-size\"><span style=\"color: var(--paletteColor2, #ffffff);\" class=\"stk-highlight\">Consulte el Programa Cient\u00edfico en PDF<\/span><\/p>\n<\/div><\/div><\/div>\n\n\n\n<div class=\"wp-block-stackable-column stk-block-column stk-column stk-block stk-7e3f672\" data-v=\"4\" data-block-id=\"7e3f672\"><style>.stk-7e3f672-container{margin-top:0px !important;margin-right:0px !important;margin-bottom:0px !important;margin-left:0px !important;padding-top:0px !important;padding-right:0px !important;padding-bottom:0px !important;padding-left:0px !important;}.stk-7e3f672 {padding-top:0px !important;padding-right:0px !important;padding-bottom:0px !important;padding-left:0px !important;margin-top:0px !important;margin-bottom:0px !important;}@media screen and (min-width:690px){.stk-7e3f672 {flex:var(--stk-flex-grow, 1) 1 calc(38.1% - var(--stk-column-gap, 0px) * 1 \/ 2 ) !important;}}<\/style><div class=\"stk-column-wrapper stk-block-column__content stk-container stk-7e3f672-container stk--no-background stk--no-padding\"><div class=\"stk-block-content stk-inner-blocks stk-7e3f672-inner-blocks\">\n<div class=\"wp-block-stackable-button-group stk-block-button-group stk-block stk-3292a1a\" data-block-id=\"3292a1a\"><div class=\"stk-row stk-inner-blocks has-text-align-right stk-block-content stk-button-group\">\n<div class=\"wp-block-stackable-button stk-block-button stk-block stk-a4be9a0\" data-block-id=\"a4be9a0\"><style>.stk-a4be9a0 .stk-button{background:var(--paletteColor2, #ffffff) !important;border-top-left-radius:100px !important;border-top-right-radius:100px !important;border-bottom-right-radius:100px !important;border-bottom-left-radius:100px !important;}.stk-a4be9a0 .stk-button:hover .stk--inner-svg svg:last-child, .stk-a4be9a0 .stk-button:hover .stk--inner-svg svg:last-child :is(g, path, rect, polygon, ellipse){fill:var(--paletteColor1, #000000) !important;}.stk-a4be9a0 .stk-button__inner-text{color:var(--paletteColor4, #9E0109) !important;}.stk-a4be9a0 .stk-button:hover .stk-button__inner-text{color:var(--paletteColor1, #000000) !important;}<\/style><a class=\"stk-link stk-button stk--hover-effect-darken\" href=\"https:\/\/congresocialacibu.com\/2025\/wp-content\/uploads\/2025\/10\/CIALACIBU2025-ProgramaCientifico.pdf\" target=\"_blank\" rel=\"noreferrer noopener\"><span class=\"has-text-color stk-button__inner-text\">Acceder<\/span><\/a><\/div>\n<\/div><\/div>\n<\/div><\/div><\/div>\n<\/div><\/div>\n\n\n\n<div class=\"wp-block-stackable-columns stk-block-columns stk-block stk-05cabf9 stk-block-background stk-entrance\" data-block-id=\"05cabf9\"><style>.stk-05cabf9 .stk--block-align-05cabf9{align-items:center !important;}.stk-05cabf9 {background-color:var(--theme-palette-color-2, #A60A1F ) !important;border-radius:0px !important;border-top-left-radius:10px !important;border-top-right-radius:10px !important;border-bottom-right-radius:10px !important;border-bottom-left-radius:10px !important;overflow:hidden !important;border-color:transparent !important;--entrance-transform:translateY(20px) !important;}.stk-05cabf9:before{background-color:var(--theme-palette-color-2, #A60A1F ) !important;}.stk-05cabf9-column{--stk-column-gap:0px !important;}<\/style><div class=\"stk-row stk-inner-blocks stk--block-align-05cabf9 stk-block-content stk-content-align stk-05cabf9-column\">\n<div class=\"wp-block-stackable-column stk-block-column stk-column stk-block stk-6a63938\" data-v=\"4\" data-block-id=\"6a63938\"><style>.stk-6a63938-container{margin-top:0px !important;margin-right:0px !important;margin-bottom:0px !important;margin-left:0px !important;}.stk-6a63938 {align-self:center !important;}@media screen and (min-width:690px){.stk-6a63938 {flex:var(--stk-flex-grow, 1) 1 calc(61.9% - var(--stk-column-gap, 0px) * 1 \/ 2 ) !important;}}@media screen and (max-width:689px){.stk-6a63938-container{margin-bottom:20px !important;}}<\/style><div class=\"stk-column-wrapper stk-block-column__content stk-container stk-6a63938-container stk--no-background stk--no-padding\"><div class=\"stk-block-content stk-inner-blocks stk-6a63938-inner-blocks\">\n<p class=\"has-medium-font-size\"><span style=\"color: var(--paletteColor2, #ffffff);\" class=\"stk-highlight\">Consulte los ponentes<\/span><\/p>\n<\/div><\/div><\/div>\n\n\n\n<div class=\"wp-block-stackable-column stk-block-column stk-column stk-block stk-c434d12\" data-v=\"4\" data-block-id=\"c434d12\"><style>.stk-c434d12-container{margin-top:0px !important;margin-right:0px !important;margin-bottom:0px !important;margin-left:0px !important;padding-top:0px !important;padding-right:0px !important;padding-bottom:0px !important;padding-left:0px !important;}.stk-c434d12 {padding-top:0px !important;padding-right:0px !important;padding-bottom:0px !important;padding-left:0px !important;margin-top:0px !important;margin-bottom:0px !important;}@media screen and (min-width:690px){.stk-c434d12 {flex:var(--stk-flex-grow, 1) 1 calc(38.1% - var(--stk-column-gap, 0px) * 1 \/ 2 ) !important;}}<\/style><div class=\"stk-column-wrapper stk-block-column__content stk-container stk-c434d12-container stk--no-background stk--no-padding\"><div class=\"stk-block-content stk-inner-blocks stk-c434d12-inner-blocks\">\n<div class=\"wp-block-stackable-button-group stk-block-button-group stk-block stk-ee3f29b\" data-block-id=\"ee3f29b\"><div class=\"stk-row stk-inner-blocks has-text-align-right stk-block-content stk-button-group\">\n<div class=\"wp-block-stackable-button stk-block-button stk-block stk-4c1445c\" data-block-id=\"4c1445c\"><style>.stk-4c1445c .stk-button{background:var(--paletteColor2, #ffffff) !important;border-top-left-radius:100px !important;border-top-right-radius:100px !important;border-bottom-right-radius:100px !important;border-bottom-left-radius:100px !important;}.stk-4c1445c .stk-button:hover .stk--inner-svg svg:last-child, .stk-4c1445c .stk-button:hover .stk--inner-svg svg:last-child :is(g, path, rect, polygon, ellipse){fill:var(--paletteColor1, #000000) !important;}.stk-4c1445c .stk-button__inner-text{color:var(--paletteColor4, #9E0109) !important;}.stk-4c1445c .stk-button:hover .stk-button__inner-text{color:var(--paletteColor1, #000000) !important;}<\/style><a class=\"stk-link stk-button stk--hover-effect-darken\" href=\"https:\/\/barcelo.eventsair.com\/cialacibu2025\/speakers\" target=\"_blank\" rel=\"noreferrer noopener\"><span class=\"has-text-color stk-button__inner-text\">Acceder<\/span><\/a><\/div>\n<\/div><\/div>\n<\/div><\/div><\/div>\n<\/div><\/div>\n","protected":false},"excerpt":{"rendered":"<p>Consulte el Programa Cient\u00edfico Interactivo Acceder Consulte el Programa Cient\u00edfico en PDF Acceder Consulte los ponentes Acceder<\/p>\n","protected":false},"author":1,"featured_media":0,"parent":0,"menu_order":0,"comment_status":"closed","ping_status":"closed","template":"","meta":{"footnotes":""},"class_list":["post-2798","page","type-page","status-publish","hentry"],"blocksy_meta":{"page_structure_type":"type-3","styles_descriptor":{"styles":{"desktop":"","tablet":"","mobile":""},"google_fonts":[],"version":6}},"yoast_head":"<!-- This site is optimized with the Yoast SEO plugin v27.5 - https:\/\/yoast.com\/product\/yoast-seo-wordpress\/ -->\n<title>Programa Cient\u00edfico y Ponentes - Congreso CIALACIBU 2025<\/title>\n<meta name=\"robots\" content=\"noindex, follow, max-snippet:-1, max-image-preview:large, max-video-preview:-1\" \/>\n<meta property=\"og:locale\" content=\"es_ES\" \/>\n<meta property=\"og:type\" content=\"article\" \/>\n<meta property=\"og:title\" content=\"Programa Cient\u00edfico y Ponentes - Congreso CIALACIBU 2025\" \/>\n<meta property=\"og:description\" content=\"Consulte el Programa Cient\u00edfico Interactivo Acceder Consulte el Programa Cient\u00edfico en PDF Acceder Consulte los ponentes Acceder\" \/>\n<meta property=\"og:url\" content=\"https:\/\/congresocialacibu.com\/2025\/programa-cientifico-y-ponentes\/\" \/>\n<meta property=\"og:site_name\" content=\"Congreso CIALACIBU 2025\" \/>\n<meta property=\"article:modified_time\" content=\"2025-10-10T12:11:51+00:00\" \/>\n<meta name=\"twitter:card\" content=\"summary_large_image\" \/>\n<meta name=\"twitter:label1\" content=\"Tiempo de lectura\" \/>\n\t<meta name=\"twitter:data1\" content=\"1 minuto\" \/>\n<script type=\"application\/ld+json\" class=\"yoast-schema-graph\">{\"@context\":\"https:\\\/\\\/schema.org\",\"@graph\":[{\"@type\":\"WebPage\",\"@id\":\"https:\\\/\\\/congresocialacibu.com\\\/2025\\\/programa-cientifico-y-ponentes\\\/\",\"url\":\"https:\\\/\\\/congresocialacibu.com\\\/2025\\\/programa-cientifico-y-ponentes\\\/\",\"name\":\"Programa Cient\u00edfico y Ponentes - Congreso CIALACIBU 2025\",\"isPartOf\":{\"@id\":\"https:\\\/\\\/congresocialacibu.com\\\/2025\\\/#website\"},\"datePublished\":\"2025-09-29T16:37:42+00:00\",\"dateModified\":\"2025-10-10T12:11:51+00:00\",\"breadcrumb\":{\"@id\":\"https:\\\/\\\/congresocialacibu.com\\\/2025\\\/programa-cientifico-y-ponentes\\\/#breadcrumb\"},\"inLanguage\":\"es\",\"potentialAction\":[{\"@type\":\"ReadAction\",\"target\":[\"https:\\\/\\\/congresocialacibu.com\\\/2025\\\/programa-cientifico-y-ponentes\\\/\"]}]},{\"@type\":\"BreadcrumbList\",\"@id\":\"https:\\\/\\\/congresocialacibu.com\\\/2025\\\/programa-cientifico-y-ponentes\\\/#breadcrumb\",\"itemListElement\":[{\"@type\":\"ListItem\",\"position\":1,\"name\":\"Portada\",\"item\":\"https:\\\/\\\/congresocialacibu.com\\\/2025\\\/\"},{\"@type\":\"ListItem\",\"position\":2,\"name\":\"Programa Cient\u00edfico y Ponentes\"}]},{\"@type\":\"WebSite\",\"@id\":\"https:\\\/\\\/congresocialacibu.com\\\/2025\\\/#website\",\"url\":\"https:\\\/\\\/congresocialacibu.com\\\/2025\\\/\",\"name\":\"Congreso CIALACIBU 2025\",\"description\":\"\",\"publisher\":{\"@id\":\"https:\\\/\\\/congresocialacibu.com\\\/2025\\\/#organization\"},\"potentialAction\":[{\"@type\":\"SearchAction\",\"target\":{\"@type\":\"EntryPoint\",\"urlTemplate\":\"https:\\\/\\\/congresocialacibu.com\\\/2025\\\/?s={search_term_string}\"},\"query-input\":{\"@type\":\"PropertyValueSpecification\",\"valueRequired\":true,\"valueName\":\"search_term_string\"}}],\"inLanguage\":\"es\"},{\"@type\":\"Organization\",\"@id\":\"https:\\\/\\\/congresocialacibu.com\\\/2025\\\/#organization\",\"name\":\"Congreso CIALACIBU 2025\",\"url\":\"https:\\\/\\\/congresocialacibu.com\\\/2025\\\/\",\"logo\":{\"@type\":\"ImageObject\",\"inLanguage\":\"es\",\"@id\":\"https:\\\/\\\/congresocialacibu.com\\\/2025\\\/#\\\/schema\\\/logo\\\/image\\\/\",\"url\":\"https:\\\/\\\/congresocialacibu.com\\\/2025\\\/wp-content\\\/uploads\\\/2023\\\/11\\\/logo-1.svg\",\"contentUrl\":\"https:\\\/\\\/congresocialacibu.com\\\/2025\\\/wp-content\\\/uploads\\\/2023\\\/11\\\/logo-1.svg\",\"width\":249,\"height\":25,\"caption\":\"Congreso CIALACIBU 2025\"},\"image\":{\"@id\":\"https:\\\/\\\/congresocialacibu.com\\\/2025\\\/#\\\/schema\\\/logo\\\/image\\\/\"}}]}<\/script>\n<!-- \/ Yoast SEO plugin. -->","yoast_head_json":{"title":"Programa Cient\u00edfico y Ponentes - Congreso CIALACIBU 2025","robots":{"index":"noindex","follow":"follow","max-snippet":"max-snippet:-1","max-image-preview":"max-image-preview:large","max-video-preview":"max-video-preview:-1"},"og_locale":"es_ES","og_type":"article","og_title":"Programa Cient\u00edfico y Ponentes - Congreso CIALACIBU 2025","og_description":"Consulte el Programa Cient\u00edfico Interactivo Acceder Consulte el Programa Cient\u00edfico en PDF Acceder Consulte los ponentes Acceder","og_url":"https:\/\/congresocialacibu.com\/2025\/programa-cientifico-y-ponentes\/","og_site_name":"Congreso CIALACIBU 2025","article_modified_time":"2025-10-10T12:11:51+00:00","twitter_card":"summary_large_image","twitter_misc":{"Tiempo de lectura":"1 minuto"},"schema":{"@context":"https:\/\/schema.org","@graph":[{"@type":"WebPage","@id":"https:\/\/congresocialacibu.com\/2025\/programa-cientifico-y-ponentes\/","url":"https:\/\/congresocialacibu.com\/2025\/programa-cientifico-y-ponentes\/","name":"Programa Cient\u00edfico y Ponentes - Congreso CIALACIBU 2025","isPartOf":{"@id":"https:\/\/congresocialacibu.com\/2025\/#website"},"datePublished":"2025-09-29T16:37:42+00:00","dateModified":"2025-10-10T12:11:51+00:00","breadcrumb":{"@id":"https:\/\/congresocialacibu.com\/2025\/programa-cientifico-y-ponentes\/#breadcrumb"},"inLanguage":"es","potentialAction":[{"@type":"ReadAction","target":["https:\/\/congresocialacibu.com\/2025\/programa-cientifico-y-ponentes\/"]}]},{"@type":"BreadcrumbList","@id":"https:\/\/congresocialacibu.com\/2025\/programa-cientifico-y-ponentes\/#breadcrumb","itemListElement":[{"@type":"ListItem","position":1,"name":"Portada","item":"https:\/\/congresocialacibu.com\/2025\/"},{"@type":"ListItem","position":2,"name":"Programa Cient\u00edfico y Ponentes"}]},{"@type":"WebSite","@id":"https:\/\/congresocialacibu.com\/2025\/#website","url":"https:\/\/congresocialacibu.com\/2025\/","name":"Congreso CIALACIBU 2025","description":"","publisher":{"@id":"https:\/\/congresocialacibu.com\/2025\/#organization"},"potentialAction":[{"@type":"SearchAction","target":{"@type":"EntryPoint","urlTemplate":"https:\/\/congresocialacibu.com\/2025\/?s={search_term_string}"},"query-input":{"@type":"PropertyValueSpecification","valueRequired":true,"valueName":"search_term_string"}}],"inLanguage":"es"},{"@type":"Organization","@id":"https:\/\/congresocialacibu.com\/2025\/#organization","name":"Congreso CIALACIBU 2025","url":"https:\/\/congresocialacibu.com\/2025\/","logo":{"@type":"ImageObject","inLanguage":"es","@id":"https:\/\/congresocialacibu.com\/2025\/#\/schema\/logo\/image\/","url":"https:\/\/congresocialacibu.com\/2025\/wp-content\/uploads\/2023\/11\/logo-1.svg","contentUrl":"https:\/\/congresocialacibu.com\/2025\/wp-content\/uploads\/2023\/11\/logo-1.svg","width":249,"height":25,"caption":"Congreso CIALACIBU 2025"},"image":{"@id":"https:\/\/congresocialacibu.com\/2025\/#\/schema\/logo\/image\/"}}]}},"_links":{"self":[{"href":"https:\/\/congresocialacibu.com\/2025\/wp-json\/wp\/v2\/pages\/2798","targetHints":{"allow":["GET"]}}],"collection":[{"href":"https:\/\/congresocialacibu.com\/2025\/wp-json\/wp\/v2\/pages"}],"about":[{"href":"https:\/\/congresocialacibu.com\/2025\/wp-json\/wp\/v2\/types\/page"}],"author":[{"embeddable":true,"href":"https:\/\/congresocialacibu.com\/2025\/wp-json\/wp\/v2\/users\/1"}],"replies":[{"embeddable":true,"href":"https:\/\/congresocialacibu.com\/2025\/wp-json\/wp\/v2\/comments?post=2798"}],"version-history":[{"count":8,"href":"https:\/\/congresocialacibu.com\/2025\/wp-json\/wp\/v2\/pages\/2798\/revisions"}],"predecessor-version":[{"id":2864,"href":"https:\/\/congresocialacibu.com\/2025\/wp-json\/wp\/v2\/pages\/2798\/revisions\/2864"}],"wp:attachment":[{"href":"https:\/\/congresocialacibu.com\/2025\/wp-json\/wp\/v2\/media?parent=2798"}],"curies":[{"name":"wp","href":"https:\/\/api.w.org\/{rel}","templated":true}]}}