{"id":33,"date":"2023-03-09T15:10:41","date_gmt":"2023-03-09T15:10:41","guid":{"rendered":"https:\/\/congresocialacibu.com\/2025\/?page_id=33"},"modified":"2025-07-10T22:53:49","modified_gmt":"2025-07-10T22:53:49","slug":"comite-local","status":"publish","type":"page","link":"https:\/\/congresocialacibu.com\/2025\/comite-local\/","title":{"rendered":"Comit\u00e9 Local"},"content":{"rendered":"\n<ul class=\"wp-block-list perfiles\">\n<li><img loading=\"lazy\" decoding=\"async\" width=\"150\" height=\"150\" class=\"wp-image-2121\" style=\"width: 150px;\" src=\"https:\/\/congresocialacibu.com\/2025\/wp-content\/uploads\/2025\/07\/Yohanna-de-la-Cruz_Cara.png\" alt=\"\" srcset=\"https:\/\/congresocialacibu.com\/2025\/wp-content\/uploads\/2025\/07\/Yohanna-de-la-Cruz_Cara.png 500w, https:\/\/congresocialacibu.com\/2025\/wp-content\/uploads\/2025\/07\/Yohanna-de-la-Cruz_Cara-300x300.png 300w, https:\/\/congresocialacibu.com\/2025\/wp-content\/uploads\/2025\/07\/Yohanna-de-la-Cruz_Cara-150x150.png 150w\" sizes=\"auto, (max-width: 150px) 100vw, 150px\" \/><br><strong>Dra. Yohanna de la Cruz<\/strong><br>Presidenta del Congreso<\/li>\n\n\n\n<li><img loading=\"lazy\" decoding=\"async\" width=\"150\" height=\"150\" class=\"wp-image-1043\" style=\"width: 150px;\" src=\"https:\/\/congresocialacibu.com\/2025\/wp-content\/uploads\/2023\/11\/perfil-Joel-Mejia.jpg\" alt=\"\" srcset=\"https:\/\/congresocialacibu.com\/2025\/wp-content\/uploads\/2023\/11\/perfil-Joel-Mejia.jpg 500w, https:\/\/congresocialacibu.com\/2025\/wp-content\/uploads\/2023\/11\/perfil-Joel-Mejia-300x300.jpg 300w, https:\/\/congresocialacibu.com\/2025\/wp-content\/uploads\/2023\/11\/perfil-Joel-Mejia-150x150.jpg 150w\" sizes=\"auto, (max-width: 150px) 100vw, 150px\" \/><br><strong>Dr. Joel Mejia<\/strong><\/li>\n\n\n\n<li><img loading=\"lazy\" decoding=\"async\" width=\"150\" height=\"150\" class=\"wp-image-1042\" style=\"width: 150px;\" src=\"https:\/\/congresocialacibu.com\/2025\/wp-content\/uploads\/2023\/11\/perfil-Franklin-Gomez.jpg\" alt=\"\" srcset=\"https:\/\/congresocialacibu.com\/2025\/wp-content\/uploads\/2023\/11\/perfil-Franklin-Gomez.jpg 500w, https:\/\/congresocialacibu.com\/2025\/wp-content\/uploads\/2023\/11\/perfil-Franklin-Gomez-300x300.jpg 300w, https:\/\/congresocialacibu.com\/2025\/wp-content\/uploads\/2023\/11\/perfil-Franklin-Gomez-150x150.jpg 150w\" sizes=\"auto, (max-width: 150px) 100vw, 150px\" \/><br><strong>Dr. Franklin G\u00f3mez<\/strong><\/li>\n\n\n\n<li><img loading=\"lazy\" decoding=\"async\" width=\"150\" height=\"150\" class=\"wp-image-2126\" style=\"width: 150px;\" src=\"https:\/\/congresocialacibu.com\/2025\/wp-content\/uploads\/2025\/07\/Jose-Contreras_cara.png\" alt=\"\" srcset=\"https:\/\/congresocialacibu.com\/2025\/wp-content\/uploads\/2025\/07\/Jose-Contreras_cara.png 500w, https:\/\/congresocialacibu.com\/2025\/wp-content\/uploads\/2025\/07\/Jose-Contreras_cara-300x300.png 300w, https:\/\/congresocialacibu.com\/2025\/wp-content\/uploads\/2025\/07\/Jose-Contreras_cara-150x150.png 150w\" sizes=\"auto, (max-width: 150px) 100vw, 150px\" \/><br><strong>Dr. Jos\u00e9 Contreras<\/strong><\/li>\n\n\n\n<li><img loading=\"lazy\" decoding=\"async\" width=\"150\" height=\"150\" class=\"wp-image-2124\" style=\"width: 150px;\" src=\"https:\/\/congresocialacibu.com\/2025\/wp-content\/uploads\/2025\/07\/William_Ariel_Alvarez.png\" alt=\"\" srcset=\"https:\/\/congresocialacibu.com\/2025\/wp-content\/uploads\/2025\/07\/William_Ariel_Alvarez.png 500w, https:\/\/congresocialacibu.com\/2025\/wp-content\/uploads\/2025\/07\/William_Ariel_Alvarez-300x300.png 300w, https:\/\/congresocialacibu.com\/2025\/wp-content\/uploads\/2025\/07\/William_Ariel_Alvarez-150x150.png 150w\" sizes=\"auto, (max-width: 150px) 100vw, 150px\" \/><br><strong>Dr. William Ariel \u00c1lvarez<\/strong><br>Presidente SODOCIBUMAX<\/li>\n<\/ul>\n","protected":false},"excerpt":{"rendered":"","protected":false},"author":1,"featured_media":979,"parent":0,"menu_order":0,"comment_status":"closed","ping_status":"closed","template":"","meta":{"footnotes":""},"class_list":["post-33","page","type-page","status-publish","has-post-thumbnail","hentry"],"blocksy_meta":[],"yoast_head":"<!-- This site is optimized with the Yoast SEO plugin v27.5 - https:\/\/yoast.com\/product\/yoast-seo-wordpress\/ -->\n<title>Comit\u00e9 Local - Congreso CIALACIBU 2025<\/title>\n<meta name=\"description\" content=\"CIALACIBU 2025. XXIV Congreso Internacional. Barcel\u00f3 B\u00e1varo Centro de Convenciones.\" \/>\n<meta name=\"robots\" content=\"noindex, follow, max-snippet:-1, max-image-preview:large, max-video-preview:-1\" \/>\n<meta property=\"og:locale\" content=\"es_ES\" \/>\n<meta property=\"og:type\" content=\"article\" \/>\n<meta property=\"og:title\" content=\"Comit\u00e9 Local - Congreso CIALACIBU 2025\" \/>\n<meta property=\"og:description\" content=\"CIALACIBU 2025. XXIV Congreso Internacional. Barcel\u00f3 B\u00e1varo Centro de Convenciones.\" \/>\n<meta property=\"og:url\" content=\"https:\/\/congresocialacibu.com\/2025\/comite-local\/\" \/>\n<meta property=\"og:site_name\" content=\"Congreso CIALACIBU 2025\" \/>\n<meta property=\"article:modified_time\" content=\"2025-07-10T22:53:49+00:00\" \/>\n<meta property=\"og:image\" content=\"https:\/\/congresocialacibu.com\/2025\/wp-content\/uploads\/2023\/11\/cialacibu-seo-2.jpg\" \/>\n\t<meta property=\"og:image:width\" content=\"1200\" \/>\n\t<meta property=\"og:image:height\" content=\"800\" \/>\n\t<meta property=\"og:image:type\" content=\"image\/jpeg\" \/>\n<meta name=\"twitter:card\" content=\"summary_large_image\" \/>\n<meta name=\"twitter:label1\" content=\"Tiempo de lectura\" \/>\n\t<meta name=\"twitter:data1\" content=\"2 minutos\" \/>\n<script type=\"application\/ld+json\" class=\"yoast-schema-graph\">{\"@context\":\"https:\\\/\\\/schema.org\",\"@graph\":[{\"@type\":\"WebPage\",\"@id\":\"https:\\\/\\\/congresocialacibu.com\\\/2025\\\/comite-local\\\/\",\"url\":\"https:\\\/\\\/congresocialacibu.com\\\/2025\\\/comite-local\\\/\",\"name\":\"Comit\u00e9 Local - Congreso CIALACIBU 2025\",\"isPartOf\":{\"@id\":\"https:\\\/\\\/congresocialacibu.com\\\/2025\\\/#website\"},\"primaryImageOfPage\":{\"@id\":\"https:\\\/\\\/congresocialacibu.com\\\/2025\\\/comite-local\\\/#primaryimage\"},\"image\":{\"@id\":\"https:\\\/\\\/congresocialacibu.com\\\/2025\\\/comite-local\\\/#primaryimage\"},\"thumbnailUrl\":\"https:\\\/\\\/congresocialacibu.com\\\/2025\\\/wp-content\\\/uploads\\\/2023\\\/11\\\/cialacibu-seo-2.jpg\",\"datePublished\":\"2023-03-09T15:10:41+00:00\",\"dateModified\":\"2025-07-10T22:53:49+00:00\",\"description\":\"CIALACIBU 2025. XXIV Congreso Internacional. Barcel\u00f3 B\u00e1varo Centro de Convenciones.\",\"breadcrumb\":{\"@id\":\"https:\\\/\\\/congresocialacibu.com\\\/2025\\\/comite-local\\\/#breadcrumb\"},\"inLanguage\":\"es\",\"potentialAction\":[{\"@type\":\"ReadAction\",\"target\":[\"https:\\\/\\\/congresocialacibu.com\\\/2025\\\/comite-local\\\/\"]}]},{\"@type\":\"ImageObject\",\"inLanguage\":\"es\",\"@id\":\"https:\\\/\\\/congresocialacibu.com\\\/2025\\\/comite-local\\\/#primaryimage\",\"url\":\"https:\\\/\\\/congresocialacibu.com\\\/2025\\\/wp-content\\\/uploads\\\/2023\\\/11\\\/cialacibu-seo-2.jpg\",\"contentUrl\":\"https:\\\/\\\/congresocialacibu.com\\\/2025\\\/wp-content\\\/uploads\\\/2023\\\/11\\\/cialacibu-seo-2.jpg\",\"width\":1200,\"height\":800},{\"@type\":\"BreadcrumbList\",\"@id\":\"https:\\\/\\\/congresocialacibu.com\\\/2025\\\/comite-local\\\/#breadcrumb\",\"itemListElement\":[{\"@type\":\"ListItem\",\"position\":1,\"name\":\"Portada\",\"item\":\"https:\\\/\\\/congresocialacibu.com\\\/2025\\\/\"},{\"@type\":\"ListItem\",\"position\":2,\"name\":\"Comit\u00e9 Local\"}]},{\"@type\":\"WebSite\",\"@id\":\"https:\\\/\\\/congresocialacibu.com\\\/2025\\\/#website\",\"url\":\"https:\\\/\\\/congresocialacibu.com\\\/2025\\\/\",\"name\":\"Congreso CIALACIBU 2025\",\"description\":\"\",\"publisher\":{\"@id\":\"https:\\\/\\\/congresocialacibu.com\\\/2025\\\/#organization\"},\"potentialAction\":[{\"@type\":\"SearchAction\",\"target\":{\"@type\":\"EntryPoint\",\"urlTemplate\":\"https:\\\/\\\/congresocialacibu.com\\\/2025\\\/?s={search_term_string}\"},\"query-input\":{\"@type\":\"PropertyValueSpecification\",\"valueRequired\":true,\"valueName\":\"search_term_string\"}}],\"inLanguage\":\"es\"},{\"@type\":\"Organization\",\"@id\":\"https:\\\/\\\/congresocialacibu.com\\\/2025\\\/#organization\",\"name\":\"Congreso CIALACIBU 2025\",\"url\":\"https:\\\/\\\/congresocialacibu.com\\\/2025\\\/\",\"logo\":{\"@type\":\"ImageObject\",\"inLanguage\":\"es\",\"@id\":\"https:\\\/\\\/congresocialacibu.com\\\/2025\\\/#\\\/schema\\\/logo\\\/image\\\/\",\"url\":\"https:\\\/\\\/congresocialacibu.com\\\/2025\\\/wp-content\\\/uploads\\\/2023\\\/11\\\/logo-1.svg\",\"contentUrl\":\"https:\\\/\\\/congresocialacibu.com\\\/2025\\\/wp-content\\\/uploads\\\/2023\\\/11\\\/logo-1.svg\",\"width\":249,\"height\":25,\"caption\":\"Congreso CIALACIBU 2025\"},\"image\":{\"@id\":\"https:\\\/\\\/congresocialacibu.com\\\/2025\\\/#\\\/schema\\\/logo\\\/image\\\/\"}}]}<\/script>\n<!-- \/ Yoast SEO plugin. -->","yoast_head_json":{"title":"Comit\u00e9 Local - Congreso CIALACIBU 2025","description":"CIALACIBU 2025. XXIV Congreso Internacional. Barcel\u00f3 B\u00e1varo Centro de Convenciones.","robots":{"index":"noindex","follow":"follow","max-snippet":"max-snippet:-1","max-image-preview":"max-image-preview:large","max-video-preview":"max-video-preview:-1"},"og_locale":"es_ES","og_type":"article","og_title":"Comit\u00e9 Local - Congreso CIALACIBU 2025","og_description":"CIALACIBU 2025. XXIV Congreso Internacional. Barcel\u00f3 B\u00e1varo Centro de Convenciones.","og_url":"https:\/\/congresocialacibu.com\/2025\/comite-local\/","og_site_name":"Congreso CIALACIBU 2025","article_modified_time":"2025-07-10T22:53:49+00:00","og_image":[{"width":1200,"height":800,"url":"https:\/\/congresocialacibu.com\/2025\/wp-content\/uploads\/2023\/11\/cialacibu-seo-2.jpg","type":"image\/jpeg"}],"twitter_card":"summary_large_image","twitter_misc":{"Tiempo de lectura":"2 minutos"},"schema":{"@context":"https:\/\/schema.org","@graph":[{"@type":"WebPage","@id":"https:\/\/congresocialacibu.com\/2025\/comite-local\/","url":"https:\/\/congresocialacibu.com\/2025\/comite-local\/","name":"Comit\u00e9 Local - Congreso CIALACIBU 2025","isPartOf":{"@id":"https:\/\/congresocialacibu.com\/2025\/#website"},"primaryImageOfPage":{"@id":"https:\/\/congresocialacibu.com\/2025\/comite-local\/#primaryimage"},"image":{"@id":"https:\/\/congresocialacibu.com\/2025\/comite-local\/#primaryimage"},"thumbnailUrl":"https:\/\/congresocialacibu.com\/2025\/wp-content\/uploads\/2023\/11\/cialacibu-seo-2.jpg","datePublished":"2023-03-09T15:10:41+00:00","dateModified":"2025-07-10T22:53:49+00:00","description":"CIALACIBU 2025. XXIV Congreso Internacional. Barcel\u00f3 B\u00e1varo Centro de Convenciones.","breadcrumb":{"@id":"https:\/\/congresocialacibu.com\/2025\/comite-local\/#breadcrumb"},"inLanguage":"es","potentialAction":[{"@type":"ReadAction","target":["https:\/\/congresocialacibu.com\/2025\/comite-local\/"]}]},{"@type":"ImageObject","inLanguage":"es","@id":"https:\/\/congresocialacibu.com\/2025\/comite-local\/#primaryimage","url":"https:\/\/congresocialacibu.com\/2025\/wp-content\/uploads\/2023\/11\/cialacibu-seo-2.jpg","contentUrl":"https:\/\/congresocialacibu.com\/2025\/wp-content\/uploads\/2023\/11\/cialacibu-seo-2.jpg","width":1200,"height":800},{"@type":"BreadcrumbList","@id":"https:\/\/congresocialacibu.com\/2025\/comite-local\/#breadcrumb","itemListElement":[{"@type":"ListItem","position":1,"name":"Portada","item":"https:\/\/congresocialacibu.com\/2025\/"},{"@type":"ListItem","position":2,"name":"Comit\u00e9 Local"}]},{"@type":"WebSite","@id":"https:\/\/congresocialacibu.com\/2025\/#website","url":"https:\/\/congresocialacibu.com\/2025\/","name":"Congreso CIALACIBU 2025","description":"","publisher":{"@id":"https:\/\/congresocialacibu.com\/2025\/#organization"},"potentialAction":[{"@type":"SearchAction","target":{"@type":"EntryPoint","urlTemplate":"https:\/\/congresocialacibu.com\/2025\/?s={search_term_string}"},"query-input":{"@type":"PropertyValueSpecification","valueRequired":true,"valueName":"search_term_string"}}],"inLanguage":"es"},{"@type":"Organization","@id":"https:\/\/congresocialacibu.com\/2025\/#organization","name":"Congreso CIALACIBU 2025","url":"https:\/\/congresocialacibu.com\/2025\/","logo":{"@type":"ImageObject","inLanguage":"es","@id":"https:\/\/congresocialacibu.com\/2025\/#\/schema\/logo\/image\/","url":"https:\/\/congresocialacibu.com\/2025\/wp-content\/uploads\/2023\/11\/logo-1.svg","contentUrl":"https:\/\/congresocialacibu.com\/2025\/wp-content\/uploads\/2023\/11\/logo-1.svg","width":249,"height":25,"caption":"Congreso CIALACIBU 2025"},"image":{"@id":"https:\/\/congresocialacibu.com\/2025\/#\/schema\/logo\/image\/"}}]}},"_links":{"self":[{"href":"https:\/\/congresocialacibu.com\/2025\/wp-json\/wp\/v2\/pages\/33","targetHints":{"allow":["GET"]}}],"collection":[{"href":"https:\/\/congresocialacibu.com\/2025\/wp-json\/wp\/v2\/pages"}],"about":[{"href":"https:\/\/congresocialacibu.com\/2025\/wp-json\/wp\/v2\/types\/page"}],"author":[{"embeddable":true,"href":"https:\/\/congresocialacibu.com\/2025\/wp-json\/wp\/v2\/users\/1"}],"replies":[{"embeddable":true,"href":"https:\/\/congresocialacibu.com\/2025\/wp-json\/wp\/v2\/comments?post=33"}],"version-history":[{"count":14,"href":"https:\/\/congresocialacibu.com\/2025\/wp-json\/wp\/v2\/pages\/33\/revisions"}],"predecessor-version":[{"id":2130,"href":"https:\/\/congresocialacibu.com\/2025\/wp-json\/wp\/v2\/pages\/33\/revisions\/2130"}],"wp:featuredmedia":[{"embeddable":true,"href":"https:\/\/congresocialacibu.com\/2025\/wp-json\/wp\/v2\/media\/979"}],"wp:attachment":[{"href":"https:\/\/congresocialacibu.com\/2025\/wp-json\/wp\/v2\/media?parent=33"}],"curies":[{"name":"wp","href":"https:\/\/api.w.org\/{rel}","templated":true}]}}