{"id":983,"date":"2023-11-30T00:29:25","date_gmt":"2023-11-30T00:29:25","guid":{"rendered":"https:\/\/congresocialacibu.com\/2025\/?page_id=983"},"modified":"2025-03-02T19:31:02","modified_gmt":"2025-03-02T19:31:02","slug":"carta-de-la-presidenta-del-congreso","status":"publish","type":"page","link":"https:\/\/congresocialacibu.com\/2025\/carta-de-la-presidenta-del-congreso\/","title":{"rendered":"Carta de la Presidenta del Congreso"},"content":{"rendered":"\n<div class=\"wp-block-stackable-columns stk-block-columns stk-block stk-cf6970e\" data-block-id=\"cf6970e\"><style>.stk-cf6970e-column{--stk-columns-spacing:0px !important}<\/style><div class=\"stk-row stk-inner-blocks stk-block-content stk-content-align stk-cf6970e-column\">\n<div class=\"wp-block-stackable-column stk-block-column stk-column stk-block stk-36e274d columna-izquierda\" data-v=\"4\" data-block-id=\"36e274d\"><style>@media screen and (min-width:690px){.stk-36e274d{flex:1 1 calc(50% - var(--stk-column-gap,0px) * 1 \/ 2 ) !important}}<\/style><div class=\"stk-column-wrapper stk-block-column__content stk-container stk-36e274d-container stk--no-background stk--no-padding\"><div class=\"stk-block-content stk-inner-blocks stk-36e274d-inner-blocks\">\n<div class=\"wp-block-stackable-text stk-block-text stk-block stk-0e830f1 texto-destacado-1\" data-block-id=\"0e830f1\"><p class=\"stk-block-text__text\">Estimados colegas cirujanos maxilofaciales del \u00e1mbito nacional e internacional:<\/p><\/div>\n<\/div><\/div><\/div>\n\n\n\n<div class=\"wp-block-stackable-column stk-block-column stk-column stk-block stk-03f2c68\" data-v=\"4\" data-block-id=\"03f2c68\"><style>@media screen and (min-width:690px){.stk-03f2c68{flex:1 1 calc(50% - var(--stk-column-gap,0px) * 1 \/ 2 ) !important}}<\/style><div class=\"stk-column-wrapper stk-block-column__content stk-container stk-03f2c68-container stk--no-background stk--no-padding\"><div class=\"stk-block-content stk-inner-blocks stk-03f2c68-inner-blocks\">\n<p>Luego de un afectuoso saludo, nos complace invitarles al XXIV Congreso Internacional de Cirug\u00eda y Traumatolog\u00eda Buco maxilofacial (CIALACIBU) 2025 que tendr\u00e1 lugar en Punta Cana, Rep\u00fablica Dominicana y organizado por ALACIBU en acompa\u00f1amiento de la Sociedad Dominicana de Cirug\u00eda Bucal y maxilofacial (SODOCIBUMAX).\u00a0<\/p>\n\n\n\n<p>Como en cada CIALACIBU nos planteamos afianzar y expandir nuevos conocimientos y actualizaciones enlas diferentes \u00e1reas de la cirug\u00eda maxilofacial. Adem\u00e1s, de fomentar la uni\u00f3n y fortalecer lazos de cooperaci\u00f3n tanto acad\u00e9mica, intelectual y socialmente.&nbsp;<\/p>\n\n\n\n<p>Nuestro objetivo, como parte del comit\u00e9 organizador es la presentaci\u00f3n de expositores tanto nacionales como internacionales que compartan conocimientos y experiencias que ayude a edificar la pr\u00e1ctica diaria de cada participante del congreso. &nbsp;<\/p>\n\n\n\n<p>Como los anfitriones de tal prestigioso evento, es de nuestro inter\u00e9s dar a conocer tanto nuestra cultura como nuestros atractivos tur\u00edsticos que incluyen la gastronom\u00eda, la m\u00fasica, la cultura y nuestras localidades paradisiacas.&nbsp;<\/p>\n\n\n\n<p>Les esperamos con ansias.&nbsp;<\/p>\n\n\n\n<div class=\"wp-block-stackable-columns stk-block-columns stk-block stk-2e436e6 perfiles\" data-block-id=\"2e436e6\"><style>.stk-2e436e6 .stk--block-align-2e436e6{align-items:center !important}.stk-2e436e6-column{--stk-columns-spacing:0px !important}<\/style><div class=\"stk-row stk-inner-blocks stk--block-align-2e436e6 stk-block-content stk-content-align stk-2e436e6-column\">\n<div class=\"wp-block-stackable-column stk-block-column stk-column stk-block stk-ba4606b\" data-v=\"4\" data-block-id=\"ba4606b\"><style>@media screen and (min-width:690px){.stk-ba4606b{flex:1 1 calc(35% - var(--stk-column-gap,0px) * 1 \/ 2 ) !important}}@media screen and (min-width:690px) and (max-width:999px){.stk-ba4606b{flex:0 1 calc(50% - var(--stk-column-gap,0px) * 1 \/ 2 ) !important}}<\/style><div class=\"stk-column-wrapper stk-block-column__content stk-container stk-ba4606b-container stk--no-background stk--no-padding\"><div class=\"stk-block-content stk-inner-blocks stk-ba4606b-inner-blocks\">\n<div class=\"wp-block-stackable-image stk-block-image has-text-align-left stk-block stk-813c62e\" data-block-id=\"813c62e\"><style>.stk-813c62e .stk-img-wrapper{width:180px !important}<\/style><figure><span class=\"stk-img-wrapper stk-image--shape-stretch\"><img loading=\"lazy\" decoding=\"async\" class=\"stk-img wp-image-1044\" src=\"https:\/\/congresocialacibu.com\/2025\/wp-content\/uploads\/2023\/11\/perfil-Yohanna-De-La-Cruz.jpg\" width=\"500\" height=\"500\" srcset=\"https:\/\/congresocialacibu.com\/2025\/wp-content\/uploads\/2023\/11\/perfil-Yohanna-De-La-Cruz.jpg 500w, https:\/\/congresocialacibu.com\/2025\/wp-content\/uploads\/2023\/11\/perfil-Yohanna-De-La-Cruz-300x300.jpg 300w, https:\/\/congresocialacibu.com\/2025\/wp-content\/uploads\/2023\/11\/perfil-Yohanna-De-La-Cruz-150x150.jpg 150w\" sizes=\"auto, (max-width: 500px) 100vw, 500px\" \/><\/span><\/figure><\/div>\n<\/div><\/div><\/div>\n\n\n\n<div class=\"wp-block-stackable-column stk-block-column stk-column stk-block stk-aa6252e\" data-v=\"4\" data-block-id=\"aa6252e\"><style>@media screen and (min-width:690px){.stk-aa6252e{flex:1 1 calc(65% - var(--stk-column-gap,0px) * 1 \/ 2 ) !important}}@media screen and (min-width:690px) and (max-width:999px){.stk-aa6252e{flex:0 1 calc(50% - var(--stk-column-gap,0px) * 1 \/ 2 ) !important}}<\/style><div class=\"stk-column-wrapper stk-block-column__content stk-container stk-aa6252e-container stk--no-background stk--no-padding\"><div class=\"stk-block-content stk-inner-blocks stk-aa6252e-inner-blocks\">\n<div class=\"wp-block-stackable-text stk-block-text stk-block stk-75de53f\" data-block-id=\"75de53f\"><style>.stk-75de53f{margin-bottom:0px !important}<\/style><p class=\"stk-block-text__text\"><span style=\"color: var(--theme-palette-color-1, #26517b);\" class=\"stk-highlight\"><strong>Dra. Yohanna de la Cruz<\/strong><\/span><\/p><\/div>\n\n\n\n<div class=\"wp-block-stackable-text stk-block-text stk-block stk-3c91d20\" data-block-id=\"3c91d20\"><p class=\"stk-block-text__text\"><span style=\"color: var(--theme-palette-color-1, #26517b);\" class=\"stk-highlight\">Presidenta del Congreso<\/span><\/p><\/div>\n<\/div><\/div><\/div>\n<\/div><\/div>\n<\/div><\/div><\/div>\n<\/div><\/div>\n","protected":false},"excerpt":{"rendered":"<p>Estimados colegas cirujanos maxilofaciales del \u00e1mbito nacional e internacional: Luego de un afectuoso saludo, nos complace invitarles al XXIV Congreso Internacional de Cirug\u00eda y Traumatolog\u00eda Buco maxilofacial (CIALACIBU) 2025 que tendr\u00e1 lugar en Punta Cana, Rep\u00fablica Dominicana y organizado por ALACIBU en acompa\u00f1amiento de la Sociedad Dominicana de Cirug\u00eda Bucal y maxilofacial (SODOCIBUMAX).\u00a0 Como en [&hellip;]<\/p>\n","protected":false},"author":1,"featured_media":979,"parent":0,"menu_order":0,"comment_status":"closed","ping_status":"closed","template":"","meta":{"footnotes":""},"class_list":["post-983","page","type-page","status-publish","has-post-thumbnail","hentry"],"blocksy_meta":[],"yoast_head":"<!-- This site is optimized with the Yoast SEO plugin v27.5 - https:\/\/yoast.com\/product\/yoast-seo-wordpress\/ -->\n<title>Carta de la Presidenta del Congreso - Congreso CIALACIBU 2025<\/title>\n<meta name=\"description\" content=\"CIALACIBU 2025. XXIV Congreso Internacional. Barcel\u00f3 B\u00e1varo Centro de Convenciones.\" \/>\n<meta name=\"robots\" content=\"noindex, follow, max-snippet:-1, max-image-preview:large, max-video-preview:-1\" \/>\n<meta property=\"og:locale\" content=\"es_ES\" \/>\n<meta property=\"og:type\" content=\"article\" \/>\n<meta property=\"og:title\" content=\"Carta de la Presidenta del Congreso - Congreso CIALACIBU 2025\" \/>\n<meta property=\"og:description\" content=\"CIALACIBU 2025. XXIV Congreso Internacional. Barcel\u00f3 B\u00e1varo Centro de Convenciones.\" \/>\n<meta property=\"og:url\" content=\"https:\/\/congresocialacibu.com\/2025\/carta-de-la-presidenta-del-congreso\/\" \/>\n<meta property=\"og:site_name\" content=\"Congreso CIALACIBU 2025\" \/>\n<meta property=\"article:modified_time\" content=\"2025-03-02T19:31:02+00:00\" \/>\n<meta property=\"og:image\" content=\"https:\/\/congresocialacibu.com\/2025\/wp-content\/uploads\/2023\/11\/cialacibu-seo-2.jpg\" \/>\n\t<meta property=\"og:image:width\" content=\"1200\" \/>\n\t<meta property=\"og:image:height\" content=\"800\" \/>\n\t<meta property=\"og:image:type\" content=\"image\/jpeg\" \/>\n<meta name=\"twitter:card\" content=\"summary_large_image\" \/>\n<meta name=\"twitter:label1\" content=\"Tiempo de lectura\" \/>\n\t<meta name=\"twitter:data1\" content=\"2 minutos\" \/>\n<script type=\"application\/ld+json\" class=\"yoast-schema-graph\">{\"@context\":\"https:\\\/\\\/schema.org\",\"@graph\":[{\"@type\":\"WebPage\",\"@id\":\"https:\\\/\\\/congresocialacibu.com\\\/2025\\\/carta-de-la-presidenta-del-congreso\\\/\",\"url\":\"https:\\\/\\\/congresocialacibu.com\\\/2025\\\/carta-de-la-presidenta-del-congreso\\\/\",\"name\":\"Carta de la Presidenta del Congreso - Congreso CIALACIBU 2025\",\"isPartOf\":{\"@id\":\"https:\\\/\\\/congresocialacibu.com\\\/2025\\\/#website\"},\"primaryImageOfPage\":{\"@id\":\"https:\\\/\\\/congresocialacibu.com\\\/2025\\\/carta-de-la-presidenta-del-congreso\\\/#primaryimage\"},\"image\":{\"@id\":\"https:\\\/\\\/congresocialacibu.com\\\/2025\\\/carta-de-la-presidenta-del-congreso\\\/#primaryimage\"},\"thumbnailUrl\":\"https:\\\/\\\/congresocialacibu.com\\\/2025\\\/wp-content\\\/uploads\\\/2023\\\/11\\\/cialacibu-seo-2.jpg\",\"datePublished\":\"2023-11-30T00:29:25+00:00\",\"dateModified\":\"2025-03-02T19:31:02+00:00\",\"description\":\"CIALACIBU 2025. XXIV Congreso Internacional. Barcel\u00f3 B\u00e1varo Centro de Convenciones.\",\"breadcrumb\":{\"@id\":\"https:\\\/\\\/congresocialacibu.com\\\/2025\\\/carta-de-la-presidenta-del-congreso\\\/#breadcrumb\"},\"inLanguage\":\"es\",\"potentialAction\":[{\"@type\":\"ReadAction\",\"target\":[\"https:\\\/\\\/congresocialacibu.com\\\/2025\\\/carta-de-la-presidenta-del-congreso\\\/\"]}]},{\"@type\":\"ImageObject\",\"inLanguage\":\"es\",\"@id\":\"https:\\\/\\\/congresocialacibu.com\\\/2025\\\/carta-de-la-presidenta-del-congreso\\\/#primaryimage\",\"url\":\"https:\\\/\\\/congresocialacibu.com\\\/2025\\\/wp-content\\\/uploads\\\/2023\\\/11\\\/cialacibu-seo-2.jpg\",\"contentUrl\":\"https:\\\/\\\/congresocialacibu.com\\\/2025\\\/wp-content\\\/uploads\\\/2023\\\/11\\\/cialacibu-seo-2.jpg\",\"width\":1200,\"height\":800},{\"@type\":\"BreadcrumbList\",\"@id\":\"https:\\\/\\\/congresocialacibu.com\\\/2025\\\/carta-de-la-presidenta-del-congreso\\\/#breadcrumb\",\"itemListElement\":[{\"@type\":\"ListItem\",\"position\":1,\"name\":\"Portada\",\"item\":\"https:\\\/\\\/congresocialacibu.com\\\/2025\\\/\"},{\"@type\":\"ListItem\",\"position\":2,\"name\":\"Carta de la Presidenta del Congreso\"}]},{\"@type\":\"WebSite\",\"@id\":\"https:\\\/\\\/congresocialacibu.com\\\/2025\\\/#website\",\"url\":\"https:\\\/\\\/congresocialacibu.com\\\/2025\\\/\",\"name\":\"Congreso CIALACIBU 2025\",\"description\":\"\",\"publisher\":{\"@id\":\"https:\\\/\\\/congresocialacibu.com\\\/2025\\\/#organization\"},\"potentialAction\":[{\"@type\":\"SearchAction\",\"target\":{\"@type\":\"EntryPoint\",\"urlTemplate\":\"https:\\\/\\\/congresocialacibu.com\\\/2025\\\/?s={search_term_string}\"},\"query-input\":{\"@type\":\"PropertyValueSpecification\",\"valueRequired\":true,\"valueName\":\"search_term_string\"}}],\"inLanguage\":\"es\"},{\"@type\":\"Organization\",\"@id\":\"https:\\\/\\\/congresocialacibu.com\\\/2025\\\/#organization\",\"name\":\"Congreso CIALACIBU 2025\",\"url\":\"https:\\\/\\\/congresocialacibu.com\\\/2025\\\/\",\"logo\":{\"@type\":\"ImageObject\",\"inLanguage\":\"es\",\"@id\":\"https:\\\/\\\/congresocialacibu.com\\\/2025\\\/#\\\/schema\\\/logo\\\/image\\\/\",\"url\":\"https:\\\/\\\/congresocialacibu.com\\\/2025\\\/wp-content\\\/uploads\\\/2023\\\/11\\\/logo-1.svg\",\"contentUrl\":\"https:\\\/\\\/congresocialacibu.com\\\/2025\\\/wp-content\\\/uploads\\\/2023\\\/11\\\/logo-1.svg\",\"width\":249,\"height\":25,\"caption\":\"Congreso CIALACIBU 2025\"},\"image\":{\"@id\":\"https:\\\/\\\/congresocialacibu.com\\\/2025\\\/#\\\/schema\\\/logo\\\/image\\\/\"}}]}<\/script>\n<!-- \/ Yoast SEO plugin. -->","yoast_head_json":{"title":"Carta de la Presidenta del Congreso - Congreso CIALACIBU 2025","description":"CIALACIBU 2025. XXIV Congreso Internacional. Barcel\u00f3 B\u00e1varo Centro de Convenciones.","robots":{"index":"noindex","follow":"follow","max-snippet":"max-snippet:-1","max-image-preview":"max-image-preview:large","max-video-preview":"max-video-preview:-1"},"og_locale":"es_ES","og_type":"article","og_title":"Carta de la Presidenta del Congreso - Congreso CIALACIBU 2025","og_description":"CIALACIBU 2025. XXIV Congreso Internacional. Barcel\u00f3 B\u00e1varo Centro de Convenciones.","og_url":"https:\/\/congresocialacibu.com\/2025\/carta-de-la-presidenta-del-congreso\/","og_site_name":"Congreso CIALACIBU 2025","article_modified_time":"2025-03-02T19:31:02+00:00","og_image":[{"width":1200,"height":800,"url":"https:\/\/congresocialacibu.com\/2025\/wp-content\/uploads\/2023\/11\/cialacibu-seo-2.jpg","type":"image\/jpeg"}],"twitter_card":"summary_large_image","twitter_misc":{"Tiempo de lectura":"2 minutos"},"schema":{"@context":"https:\/\/schema.org","@graph":[{"@type":"WebPage","@id":"https:\/\/congresocialacibu.com\/2025\/carta-de-la-presidenta-del-congreso\/","url":"https:\/\/congresocialacibu.com\/2025\/carta-de-la-presidenta-del-congreso\/","name":"Carta de la Presidenta del Congreso - Congreso CIALACIBU 2025","isPartOf":{"@id":"https:\/\/congresocialacibu.com\/2025\/#website"},"primaryImageOfPage":{"@id":"https:\/\/congresocialacibu.com\/2025\/carta-de-la-presidenta-del-congreso\/#primaryimage"},"image":{"@id":"https:\/\/congresocialacibu.com\/2025\/carta-de-la-presidenta-del-congreso\/#primaryimage"},"thumbnailUrl":"https:\/\/congresocialacibu.com\/2025\/wp-content\/uploads\/2023\/11\/cialacibu-seo-2.jpg","datePublished":"2023-11-30T00:29:25+00:00","dateModified":"2025-03-02T19:31:02+00:00","description":"CIALACIBU 2025. XXIV Congreso Internacional. Barcel\u00f3 B\u00e1varo Centro de Convenciones.","breadcrumb":{"@id":"https:\/\/congresocialacibu.com\/2025\/carta-de-la-presidenta-del-congreso\/#breadcrumb"},"inLanguage":"es","potentialAction":[{"@type":"ReadAction","target":["https:\/\/congresocialacibu.com\/2025\/carta-de-la-presidenta-del-congreso\/"]}]},{"@type":"ImageObject","inLanguage":"es","@id":"https:\/\/congresocialacibu.com\/2025\/carta-de-la-presidenta-del-congreso\/#primaryimage","url":"https:\/\/congresocialacibu.com\/2025\/wp-content\/uploads\/2023\/11\/cialacibu-seo-2.jpg","contentUrl":"https:\/\/congresocialacibu.com\/2025\/wp-content\/uploads\/2023\/11\/cialacibu-seo-2.jpg","width":1200,"height":800},{"@type":"BreadcrumbList","@id":"https:\/\/congresocialacibu.com\/2025\/carta-de-la-presidenta-del-congreso\/#breadcrumb","itemListElement":[{"@type":"ListItem","position":1,"name":"Portada","item":"https:\/\/congresocialacibu.com\/2025\/"},{"@type":"ListItem","position":2,"name":"Carta de la Presidenta del Congreso"}]},{"@type":"WebSite","@id":"https:\/\/congresocialacibu.com\/2025\/#website","url":"https:\/\/congresocialacibu.com\/2025\/","name":"Congreso CIALACIBU 2025","description":"","publisher":{"@id":"https:\/\/congresocialacibu.com\/2025\/#organization"},"potentialAction":[{"@type":"SearchAction","target":{"@type":"EntryPoint","urlTemplate":"https:\/\/congresocialacibu.com\/2025\/?s={search_term_string}"},"query-input":{"@type":"PropertyValueSpecification","valueRequired":true,"valueName":"search_term_string"}}],"inLanguage":"es"},{"@type":"Organization","@id":"https:\/\/congresocialacibu.com\/2025\/#organization","name":"Congreso CIALACIBU 2025","url":"https:\/\/congresocialacibu.com\/2025\/","logo":{"@type":"ImageObject","inLanguage":"es","@id":"https:\/\/congresocialacibu.com\/2025\/#\/schema\/logo\/image\/","url":"https:\/\/congresocialacibu.com\/2025\/wp-content\/uploads\/2023\/11\/logo-1.svg","contentUrl":"https:\/\/congresocialacibu.com\/2025\/wp-content\/uploads\/2023\/11\/logo-1.svg","width":249,"height":25,"caption":"Congreso CIALACIBU 2025"},"image":{"@id":"https:\/\/congresocialacibu.com\/2025\/#\/schema\/logo\/image\/"}}]}},"_links":{"self":[{"href":"https:\/\/congresocialacibu.com\/2025\/wp-json\/wp\/v2\/pages\/983","targetHints":{"allow":["GET"]}}],"collection":[{"href":"https:\/\/congresocialacibu.com\/2025\/wp-json\/wp\/v2\/pages"}],"about":[{"href":"https:\/\/congresocialacibu.com\/2025\/wp-json\/wp\/v2\/types\/page"}],"author":[{"embeddable":true,"href":"https:\/\/congresocialacibu.com\/2025\/wp-json\/wp\/v2\/users\/1"}],"replies":[{"embeddable":true,"href":"https:\/\/congresocialacibu.com\/2025\/wp-json\/wp\/v2\/comments?post=983"}],"version-history":[{"count":14,"href":"https:\/\/congresocialacibu.com\/2025\/wp-json\/wp\/v2\/pages\/983\/revisions"}],"predecessor-version":[{"id":1634,"href":"https:\/\/congresocialacibu.com\/2025\/wp-json\/wp\/v2\/pages\/983\/revisions\/1634"}],"wp:featuredmedia":[{"embeddable":true,"href":"https:\/\/congresocialacibu.com\/2025\/wp-json\/wp\/v2\/media\/979"}],"wp:attachment":[{"href":"https:\/\/congresocialacibu.com\/2025\/wp-json\/wp\/v2\/media?parent=983"}],"curies":[{"name":"wp","href":"https:\/\/api.w.org\/{rel}","templated":true}]}}